{"id":131,"date":"2016-03-03T16:09:35","date_gmt":"2016-03-03T16:09:35","guid":{"rendered":"http:\/\/www.chilimedia.ch\/de\/?page_id=131"},"modified":"2021-11-26T14:06:35","modified_gmt":"2021-11-26T14:06:35","slug":"aareforum","status":"publish","type":"page","link":"https:\/\/www.chilimedia.ch\/de\/referenzen\/aareforum\/","title":{"rendered":"Aare Forum"},"content":{"rendered":"\r\n\r\n    <script>\r\n\r\n        jQuery(document).ready(function ($) {\r\n\t\t\t\r\n\t\t\tjQuery(\"img[data-rel^='ewicprettyPhoto[ewic-slider-333]']\").ewcPhoto({theme: \"ewc_default\", allow_expand: false, deeplinking: false, slideshow: 5000, autoplay_slideshow: false, hook: \"data-rel\", social_tools:false});\r\n            var _SlideshowTransitions = [\r\n\r\n\t\t\t{$Duration:600,$Delay:100,$Cols:10,$Formation:$JssorSlideshowFormations$.$FormationStraight,$Opacity:2} \/* Vertical Fade Stripe *\/\r\n                ];\r\n\t\t\t\t\r\n            var _CaptionTransitions = [\r\n\t\t\t\r\n\t\t\t{$Duration:1200,y:-0.6,$Zoom:6,$Easing:{$Top:$JssorEasing$.$EaseInCubic,$Zoom:$JssorEasing$.$EaseInElastic},$Opacity:2},{$Duration:1800,y:-0.8,$Zoom:11,$Rotate:-1.5,$Easing:{$Top:$JssorEasing$.$EaseInOutElastic,$Zoom:$JssorEasing$.$EaseInElastic,$Rotate:$JssorEasing$.$EaseInOutElastic},$Opacity:2,$During:{$Zoom:[0,0.8],$Opacity:[0,0.7]},$Round:{$Rotate:0.5}},{$Duration:1500,x:-0.8,$Clip:3,$Easing:$JssorEasing$.$EaseInOutCubic,$ScaleClip:0.8,$Opacity:2,$During:{$Left:[0.4,0.6],$Clip:[0,0.4],$Opacity:[0.4,0.6]}},{$Duration: 900, $Clip: 3, $Easing: $JssorEasing$.$EaseInOutCubic },{$Duration: 900, $Clip: 12, $Easing: $JssorEasing$.$EaseInOutCubic },{$Duration: 1800, x: 0.3, y: -0.3, $Zoom: 1, $Easing: { $Left: $JssorEasing$.$EaseInJump, $Top: $JssorEasing$.$EaseInJump, $Zoom: $JssorEasing$.$EaseOutQuad }, $Opacity: 2, $During: { $Left: [0, 0.8], $Top: [0, 0.8] }, $Round: { $Left: 0.8, $Top: 2.5} },{$Duration: 1800, x: -0.3, y: -0.3, $Zoom: 1, $Easing: { $Left: $JssorEasing$.$EaseInJump, $Top: $JssorEasing$.$EaseInJump, $Zoom: $JssorEasing$.$EaseOutQuad }, $Opacity: 2, $During: { $Left: [0, 0.8], $Top: [0, 0.8] }, $Round: { $Left: 0.8, $Top: 2.5} },{$Duration: 1500, x: 0.2, $Zoom: 1, $Easing: { $Left: $JssorEasing$.$EaseOutWave, $Zoom: $JssorEasing$.$EaseOutCubic }, $Opacity: 2, $During: { $Left: [0, 0.7] }, $Round: { $Left: 1.3} },{$Duration: 1500, y: -0.2, $Zoom: 1, $Easing: { $Top: $JssorEasing$.$EaseOutWave, $Zoom: $JssorEasing$.$EaseOutCubic }, $Opacity: 2, $During: { $Top: [0, 0.7] }, $Round: { $Top: 1.3} },{$Duration: 600, $Zoom: 11, $Easing: { $Zoom: $JssorEasing$.$EaseInExpo, $Opacity: $JssorEasing$.$EaseLinear }, $Opacity: 2 },{$Duration: 600, x: -0.6, $Zoom: 11, $Easing: { $Left: $JssorEasing$.$EaseInCubic, $Zoom: $JssorEasing$.$EaseInCubic }, $Opacity: 2 },{$Duration: 600, y: -0.6, $Zoom: 11, $Easing: { $Top: $JssorEasing$.$EaseInCubic, $Zoom: $JssorEasing$.$EaseInCubic }, $Opacity: 2 },{$Duration: 700, y: -0.6, $Zoom: 1, $Easing: { $Top: $JssorEasing$.$EaseInCubic, $Zoom: $JssorEasing$.$EaseInCubic }, $Opacity: 2 },{$Duration: 1200, x: 0.8, y: -0.5, $Zoom: 11, $Easing: { $Left: $JssorEasing$.$EaseLinear, $Top: $JssorEasing$.$EaseOutCubic, $Zoom: $JssorEasing$.$EaseInCubic }, $Opacity: 2, $During: { $Top: [0, 0.5]} },{$Duration: 1200, x: 0.8, y: -0.5, $Zoom: 11, $Easing: { $Left: $JssorEasing$.$EaseLinear, $Top: $JssorEasing$.$EaseInCubic, $Zoom: $JssorEasing$.$EaseInCubic }, $Opacity: 2, $During: { $Top: [0, 0.5]} },{$Duration: 1200, x: -0.8, y: -0.5, $Zoom: 11, $Easing: { $Left: $JssorEasing$.$EaseLinear, $Top: $JssorEasing$.$EaseInCubic, $Zoom: $JssorEasing$.$EaseInCubic }, $Opacity: 2, $During: { $Top: [0, 0.5]} },{$Duration: 1200, x: 0.5, y: 0.3, $Zoom: 11, $Easing: { $Left: $JssorEasing$.$EaseLinear, $Top: $JssorEasing$.$EaseInWave }, $Opacity: 2, $Round: { $Rotate: 0.8} },{$Duration: 1200, x: -0.5, y: 0.3, $Zoom: 11, $Easing: { $Left: $JssorEasing$.$EaseLinear, $Top: $JssorEasing$.$EaseInWave }, $Opacity: 2, $Round: { $Rotate: 0.8} },{$Duration: 1200, x: 0.3, y: 0.5, $Zoom: 11, $Easing: { $Left: $JssorEasing$.$EaseInWave, $Top: $JssorEasing$.$EaseLinear }, $Opacity: 2, $Round: { $Rotate: 0.8} },{$Duration: 1200, x: 0.3, y: -0.5, $Zoom: 11, $Easing: { $Left: $JssorEasing$.$EaseInWave, $Top: $JssorEasing$.$EaseLinear }, $Opacity: 2, $Round: { $Rotate: 0.8} },{$Duration: 700, $Zoom: 11, $Rotate: 1, $Easing: { $Zoom: $JssorEasing$.$EaseInExpo, $Opacity: $JssorEasing$.$EaseLinear, $Rotate: $JssorEasing$.$EaseInExpo }, $Opacity: 2, $Round: { $Rotate: 0.8} },{$Duration: 700, x: -0.6, $Zoom: 11, $Rotate: 1, $Easing: { $Left: $JssorEasing$.$EaseInCubic, $Zoom: $JssorEasing$.$EaseInCubic, $Opacity: $JssorEasing$.$EaseLinear, $Rotate: $JssorEasing$.$EaseInCubic }, $Opacity: 2, $Round: { $Rotate: 0.8} },{$Duration: 700, y: -0.6, $Zoom: 11, $Rotate: 1, $Easing: { $Top: $JssorEasing$.$EaseInCubic, $Zoom: $JssorEasing$.$EaseInCubic, $Opacity: $JssorEasing$.$EaseLinear, $Rotate: $JssorEasing$.$EaseInCubic }, $Opacity: 2, $Round: { $Rotate: 0.8} },{$Duration: 700, x: -0.6, $Zoom: 1, $Rotate: 1, $Easing: { $Left: $JssorEasing$.$EaseInQuad, $Zoom: $JssorEasing$.$EaseInQuad, $Rotate: $JssorEasing$.$EaseInQuad, $Opacity: $JssorEasing$.$EaseOutQuad }, $Opacity: 2, $Round: { $Rotate: 1.2} },{$Duration: 700, y: -0.6, $Zoom: 1, $Rotate: 1, $Easing: { $Top: $JssorEasing$.$EaseInQuad, $Zoom: $JssorEasing$.$EaseInQuad, $Rotate: $JssorEasing$.$EaseInQuad, $Opacity: $JssorEasing$.$EaseOutQuad }, $Opacity: 2, $Round: { $Rotate: 1.2} },{$Duration: 1000, x: -0.8, y: 0.5, $Zoom: 11, $Rotate: 0.2, $Easing: { $Left: $JssorEasing$.$EaseLinear, $Top: $JssorEasing$.$EaseOutCubic, $Zoom: $JssorEasing$.$EaseInCubic }, $Opacity: 2, $During: { $Top: [0, 0.5]} },{$Duration: 1000, x: 0.8, y: -0.5, $Zoom: 11, $Rotate: 0.2, $Easing: { $Left: $JssorEasing$.$EaseLinear, $Top: $JssorEasing$.$EaseOutCubic, $Zoom: $JssorEasing$.$EaseInCubic }, $Opacity: 2, $During: { $Top: [0, 0.5]} },{$Duration: 1000, x: -0.8, y: -0.5, $Zoom: 11, $Rotate: 0.2, $Easing: { $Left: $JssorEasing$.$EaseLinear, $Top: $JssorEasing$.$EaseInCubic, $Zoom: $JssorEasing$.$EaseInCubic }, $Opacity: 2, $During: { $Top: [0, 0.5]} },{$Duration: 1000, x: -0.5, y: 0.8, $Zoom: 11, $Rotate: 1, $Easing: { $Left: $JssorEasing$.$EaseInCubic, $Top: $JssorEasing$.$EaseLinear, $Zoom: $JssorEasing$.$EaseInCubic }, $Opacity: 2, $During: { $Left: [0, 0.5] }, $Round: { $Rotate: 0.5 } },{$Duration: 1000, x: -0.5, y: -0.8, $Zoom: 11, $Rotate: 0.2, $Easing: { $Left: $JssorEasing$.$EaseInCubic, $Top: $JssorEasing$.$EaseLinear, $Zoom: $JssorEasing$.$EaseInCubic }, $Opacity: 2, $During: { $Left: [0, 0.5]} },{$Duration: 900, x: -0.6, $Easing: { $Left: $JssorEasing$.$EaseInOutBack }, $Opacity: 2 },{$Duration: 900, y: -0.6, $Easing: { $Top: $JssorEasing$.$EaseInOutBack }, $Opacity: 2 },\r\n            ];\r\n\t\t\t\r\n\t\t\t\/\/Slider Options\t\r\n\r\n            var options = {\r\n\t\t\t\t$LazyLoading: 1,\r\n                $AutoPlay: true,\r\n                $AutoPlayInterval: 6000,\r\n\t\t\t\t$FillMode: '2',  \r\n                $PauseOnHover: 1,\r\n                $DragOrientation: 3,\r\n                $ArrowKeyNavigation: true,\r\n                $SlideDuration: 800,\r\n\t\t\t\t\r\n                $SlideshowOptions: {\r\n                    $Class: $JssorSlideshowRunner$,\r\n                    $Transitions: _SlideshowTransitions,\r\n                    $TransitionsOrder: 1,\r\n                    $ShowLink: true\r\n                },\r\n\r\n                $ArrowNavigatorOptions: {\r\n                    $Class: $JssorArrowNavigator$,\r\n                    $ChanceToShow: 1                },\r\n\t\t\t\t\r\n                $CaptionSliderOptions: {\r\n                    $Class: $JssorCaptionSlider$,\r\n                    $CaptionTransitions: _CaptionTransitions,\r\n                    $PlayInMode: 1,\r\n                    $PlayOutMode: 3\r\n                },\r\n\t\t\t\t\r\n\r\n\r\n\t\t\r\n\t\t$BulletNavigatorOptions: {\r\n                    $Class: $JssorBulletNavigator$,\r\n                    $ChanceToShow: 2,\r\n                    $AutoCenter: 1,\r\n                    $Steps: 1,\r\n                    $Lanes: 1,\r\n                    $SpacingX: 10,\r\n                    $SpacingY: 10,\r\n                    $Orientation: 1\r\n\t\t\t\t\t},\t\r\n\t\t\t\t\r\n            };\r\n\r\n            var ewic_slider_333_slider = new $JssorSlider$(\"ewic-slider-333\", options);\r\n\t\t\t\r\n\t\t\t\r\n            \/\/responsive code begin\r\n            \/\/you can disable responsive mode from slider setting if you don't want the slider scales while window resizes\r\n            function ScaleSlider() {\r\n                var parentWidth = ewic_slider_333_slider.$Elmt.parentNode.clientWidth;\r\n                if (parentWidth)\r\n                    ewic_slider_333_slider.$ScaleWidth(Math.max(Math.min(parentWidth, 1040), 300));\r\n                else\r\n                    window.setTimeout(ScaleSlider, 30);\r\n            }\r\n            ScaleSlider();\r\n\r\n            $(window).bind(\"load\", ScaleSlider);\r\n            $(window).bind(\"resize\", ScaleSlider);\r\n            $(window).bind(\"orientationchange\", ScaleSlider);\r\n            \/\/responsive code end\r\n\t\t\t\t\t\t\r\n            \/\/Arrow Reposition\r\n\t\t\t\t\t\r\n\t\t\t\t\tvar arrowph = jQuery('#ewic-slider-333-slidercon').height();\r\n\t\t\t\t\tvar arrowh = jQuery('#ewic-slider-333-wrapper .jssora11l').height() \/2;\r\n\t\t\t\t\t\t\t\t\t\tvar btmbgh = jQuery('#ewic-slider-333-wrapper .jssort01').height();\r\n\t\t\t\t\tvar arrowmin = arrowph - btmbgh; \r\n\t\t\t\t\tvar arrowpos = arrowmin \/ 2;\t\r\n\r\n\t\t\t\t\tjQuery('#ewic-slider-333-wrapper .jssora11l, #ewic-slider-333-wrapper .jssora11r').css('top', arrowpos - arrowh);\r\n\r\n\r\n\t\t\t\t\t\t\t\t\r\n\t\t\/\/ Share Button Properties\r\n\t\tvar ewic_slider_333_imgtoshare;\r\n\t\tvar ewic_slider_333_imgttl;\r\newic_slider_333_slider.$On($JssorSlider$.$EVT_PARK,function(slideIndex,fromIndex){\r\n\t\r\n\tewic_slider_333_imgtoshare = ewic_slider_333_image_prop[slideIndex][0];\r\n\tewic_slider_333_imgttl = ewic_slider_333_image_prop[slideIndex][1];\r\n\t\t});\r\n\t\t\r\n\tvar fbdialogw; var fbdialogh;\r\n\tjQuery('.ewic-slider-333-share .share-icon-ul li').on('click', function () {\r\n\t\tjQuery(this).addClass('ajax-share');\r\n\t\tif ( jQuery(this).data('sharetype') == 'facebook' ) {\r\n\t\tfbdialogw = '940'; fbdialogh = '500';\r\n\t\t} else { fbdialogw = '548'; fbdialogh = '325'; }\r\n\t\t\r\n\t\t\t\tif ( jQuery(this).data('sharetype') == 'email' ) {\r\n\t\t\t\t\tvar myPopup = '';\r\n\t\t\t\t\t} \r\n\t\t\t\t\telse {\r\n\t\t\t\t\t\tvar myPopup = window.open('','sharer','toolbar=0,status=0,width='+fbdialogw+',height='+fbdialogh+'');\r\n\t\t\t\t\t\t}\r\n\t\t\r\n\r\n\t\t\r\n\t\tdo_the_ajax_call(myPopup, jQuery(this).data('sharetype'));\r\n\t\t\r\n\t\t});\r\n\t\t\r\n\t\t\r\n\tfunction do_the_ajax_call(myPopup, dat){\r\n\t\tvar ewic_slider_333_appid = 'none';\r\n\t\tjQuery.post(\r\n\t\t'https:\/\/www.chilimedia.ch\/de\/wp-admin\/admin-ajax.php', \r\n    \t\t{\r\n        \t\t'action': 'ewic_share_via_ajax',\r\n        \t\t'imgurl': ''+ewic_slider_333_imgtoshare+'',\r\n        \t\t'imgtitle': ''+ewic_slider_333_imgttl+'',\r\n\t\t\t\t'dattype': ''+dat+'',\r\n\t\t\t\t'appid': ''+ewic_slider_333_appid+'',\t\t\t\r\n        \t\t'thelink': ''+window.location.href+''\r\n    \t\t\t}, \r\n\t\t\t\t\r\n    \t\tfunction(response){\r\n\t\t\t\t\r\n\t\t\t\tjQuery('.ewic-slider-333-share .share-icon-ul .share-'+dat+'').removeClass('ajax-share');\r\n\t\t\t\t\r\n\t\t\t\tif ( dat == 'email' ) {\r\n\t\t\t\t\tdocument.location.href = response;\r\n\t\t\t\t\t} \r\n\t\t\t\t\telse {\r\n\t\t\t\t\t\tmyPopup.location = response;\r\n\t\t\t\t\t\t}\r\n    \t\t\t}\r\n\t\t\t);\r\n\t\t}\r\n\t\t\r\n\t\t\t\r\n\t\t\r\n\t\tjQuery(\"#preloader-ewic-slider-333\").fadeOut(1500, function () {\r\n\t\t\tjQuery(\"#ewic-slider-333-wrapper\").fadeIn(1000);\r\n\t\t\tjQuery('#ewic-slider-333-wrapper').width('auto').height('auto');\r\n\t\t\t});\r\n\t\t\r\n\t\t\t\t\r\n\t\tjQuery('#ewic-slider-333').fadeIn(\"1000\", function () {\r\n\t\t\tjQuery('#ewic-slider-333-wrapper').addClass('effect1');\r\n\t\t\t\r\n\t\t\t});\r\n\t\t\r\n\t\tjQuery('[data-clickurl]').on('click', function() {\r\n\t\t\t\r\n\t\t\tvar redirectWindow = window.open($(this).data('url'), $(this).data('target'));\r\n\t\t\tredirectWindow.location;\r\n\t\t\t\r\n\t\t});\r\n\t\t\r\n\t});\r\n    <\/script>\r\n    <!-- Jssor Slider Begin -->\r\n    <!-- You can move inline styles to css file or css block. -->\r\n    \r\n   \t<div id=\"preloader-ewic-slider-333\" class=\"sliderpreloader\"><\/div>\r\n    <div class=\" ewic-center\" id=\"ewic-slider-333-wrapper\" style=\"min-width: 300px; max-width: 1040px; display: none;\">\r\n    <div id=\"ewic-slider-333\" style=\"position: relative; top: 0px; left: 0px; width: 1040px;\r\n        height: 400px; background: #ffffff; overflow: hidden; display: none;\">\r\n        <!-- Loading Screen -->\r\n        <div u=\"loading\" style=\"position: absolute; top: 0px; left: 0px;\">\r\n            <div style=\"filter: alpha(opacity=70); opacity:0.7; position: absolute; display: block;\r\n                background-color: #000000; top: 0px; left: 0px;width: 100%;height:100%;\">\r\n            <\/div>\r\n            <div style=\"position: absolute; display: block; background: url(https:\/\/www.chilimedia.ch\/de\/wp-content\/plugins\/easy-image-slider-pro\/images\/jssor\/loading.gif) no-repeat center center;\r\n                top: 0px; left: 0px;width: 100%;height:100%;\">\r\n            <\/div>\r\n        <\/div>\r\n\r\n        <!-- Slides Container -->\r\n        \r\n        <div id=\"ewic-slider-333-slidercon\" u=\"slides\" style=\"cursor: move; position: absolute; left: 0px; top: 0px; width: 1040px; height: 400px; overflow: hidden;\">\r\n            <div><img alt=\"Aare Forum 2020\" class=\"sldrimg\" u=\"image\" src2=\"https:\/\/www.chilimedia.ch\/de\/wp-content\/uploads\/2020\/02\/AareForum_2020_CHI_0343.jpg\" \/><img alt=\"Aare Forum 2020\" class=\"sldrimg\" u=\"thumb\" src2=\"https:\/\/www.chilimedia.ch\/de\/wp-content\/uploads\/2020\/02\/AareForum_2020_CHI_0343-150x150.jpg\" \/><\/div><div><img alt=\"Aare Forum 2020\" class=\"sldrimg\" u=\"image\" src2=\"https:\/\/www.chilimedia.ch\/de\/wp-content\/uploads\/2020\/02\/AareForum_2020_CHI_0327.jpg\" \/><img alt=\"Aare Forum 2020\" class=\"sldrimg\" u=\"thumb\" src2=\"https:\/\/www.chilimedia.ch\/de\/wp-content\/uploads\/2020\/02\/AareForum_2020_CHI_0327-150x150.jpg\" \/><\/div><div><img alt=\"Aare Forum 2019\" class=\"sldrimg\" u=\"image\" src2=\"https:\/\/www.chilimedia.ch\/de\/wp-content\/uploads\/2020\/02\/AareForum_2019_IMG_3144.jpg\" \/><img alt=\"Aare Forum 2019\" class=\"sldrimg\" u=\"thumb\" src2=\"https:\/\/www.chilimedia.ch\/de\/wp-content\/uploads\/2020\/02\/AareForum_2019_IMG_3144-150x150.jpg\" \/><\/div><div><img alt=\"Aare Forum 2019\" class=\"sldrimg\" u=\"image\" src2=\"https:\/\/www.chilimedia.ch\/de\/wp-content\/uploads\/2020\/02\/AareForum_2019_IMG_3104.jpg\" \/><img alt=\"Aare Forum 2019\" class=\"sldrimg\" u=\"thumb\" src2=\"https:\/\/www.chilimedia.ch\/de\/wp-content\/uploads\/2020\/02\/AareForum_2019_IMG_3104-150x150.jpg\" \/><\/div><div><img alt=\"bischofberger_publikum-kopf\" class=\"sldrimg\" u=\"image\" src2=\"https:\/\/www.chilimedia.ch\/de\/wp-content\/uploads\/2016\/06\/bischofberger_publikum-kopf.jpg\" \/><img alt=\"bischofberger_publikum-kopf\" class=\"sldrimg\" u=\"thumb\" src2=\"https:\/\/www.chilimedia.ch\/de\/wp-content\/uploads\/2016\/06\/bischofberger_publikum-kopf-150x150.jpg\" \/><\/div><div><img alt=\"AareForum2018_8134\" class=\"sldrimg\" u=\"image\" src2=\"https:\/\/www.chilimedia.ch\/de\/wp-content\/uploads\/2018\/01\/AareForum2018_8134.jpg\" \/><img alt=\"AareForum2018_8134\" class=\"sldrimg\" u=\"thumb\" src2=\"https:\/\/www.chilimedia.ch\/de\/wp-content\/uploads\/2018\/01\/AareForum2018_8134-150x150.jpg\" \/><\/div>\t\t\t\t\t\t\t\r\n\t\t\t\t\t<script>\r\n   \t\t\t\t\t\tvar ewic_slider_333_image_prop = [];\r\n   \t\t\t\t\t\t\t\t\t\t   \t\t\t\t\tewic_slider_333_image_prop.push(['https:\/\/www.chilimedia.ch\/de\/wp-content\/uploads\/2020\/02\/AareForum_2020_CHI_0343.jpg', 'Aare Forum 2020']);\r\n   \t\t\t\t\t\t\t\t\t\t   \t\t\t\t\tewic_slider_333_image_prop.push(['https:\/\/www.chilimedia.ch\/de\/wp-content\/uploads\/2020\/02\/AareForum_2020_CHI_0327.jpg', 'Aare Forum 2020']);\r\n   \t\t\t\t\t\t\t\t\t\t   \t\t\t\t\tewic_slider_333_image_prop.push(['https:\/\/www.chilimedia.ch\/de\/wp-content\/uploads\/2020\/02\/AareForum_2019_IMG_3144.jpg', 'Aare Forum 2019']);\r\n   \t\t\t\t\t\t\t\t\t\t   \t\t\t\t\tewic_slider_333_image_prop.push(['https:\/\/www.chilimedia.ch\/de\/wp-content\/uploads\/2020\/02\/AareForum_2019_IMG_3104.jpg', 'Aare Forum 2019']);\r\n   \t\t\t\t\t\t\t\t\t\t   \t\t\t\t\tewic_slider_333_image_prop.push(['https:\/\/www.chilimedia.ch\/de\/wp-content\/uploads\/2016\/06\/bischofberger_publikum-kopf.jpg', 'bischofberger publikum kopf']);\r\n   \t\t\t\t\t\t\t\t\t\t   \t\t\t\t\tewic_slider_333_image_prop.push(['https:\/\/www.chilimedia.ch\/de\/wp-content\/uploads\/2018\/01\/AareForum2018_8134.jpg', 'AareForum2018 8134']);\r\n   \t\t\t\t\t \r\n\r\n\t\t\t\t\t<\/script>\r\n\t\t\t\t\t\t\r\n\t\t\t\t\t\t\r\n\t\t\t\t\t        \r\n\t\r\n\r\n<style>.jssora11l, .jssora11r, .jssora11ldn, .jssora11rdn\r\n            {\r\n\t\t\t\twidth: 55px;\r\n\t\t\t\theight: 55px;\r\n            \tposition: absolute;\r\n            \tcursor: pointer;\r\n            \tdisplay: block;\r\n                background: url(https:\/\/www.chilimedia.ch\/de\/wp-content\/plugins\/easy-image-slider-pro\/images\/jssor\/a21.png) center center no-repeat;\r\n                overflow: hidden;\r\n            }\r\n            .jssora11l { background-position: -3px -33px; }\r\n            .jssora11r { background-position: -63px -33px; }\r\n            .jssora11l:hover { background-position: -123px -33px; }\r\n            .jssora11r:hover { background-position: -183px -33px; }\r\n            .jssora11ldn { background-position: -243px -33px; }\r\n            .jssora11rdn { background-position: -303px -33px; }<\/style>\t \r\n\r\n\t\t\t<!-- Arrow Left -->\r\n        \t<span u=\"arrowleft\" class=\"jssora11l\" style=\"left:8px;\">\r\n        \t<\/span>\r\n        \t<!-- Arrow Right -->\r\n        \t<span u=\"arrowright\" class=\"jssora11r\" style=\"right:8px;\">\r\n        \t<\/span>\r\n        \t<!-- Arrow Navigator End -->\r\n\r\n\r\n        <\/div>   \r\n        <!-- Slides Container End -->\r\n        \r\n            <style>\r\n\t\t\t\r\n\t\t\/*==================================================\r\n * Effect 1\r\n * ===============================================*\/\r\n.effect1\r\n{\r\n  z-index: 1;\t\r\n  position: relative;\r\n}\r\n.effect1:before, .effect1:after\r\n{\r\n  z-index: -1;\r\n  position: absolute;\r\n  content: \"\";\r\n  bottom: 15px;\r\n  left: 10px;\r\n  width: 50%;\r\n  top: 80%;\r\n  max-width:300px;\r\n  background: #777;\r\n  -webkit-box-shadow: 0 15px 10px #777;\r\n  -moz-box-shadow: 0 15px 10px #777;\r\n  box-shadow: 0 15px 10px #777;\r\n  -webkit-transform: rotate(-3deg);\r\n  -moz-transform: rotate(-3deg);\r\n  -o-transform: rotate(-3deg);\r\n  -ms-transform: rotate(-3deg);\r\n  transform: rotate(-3deg);\r\n}\r\n.effect1:after\r\n{\r\n  -webkit-transform: rotate(3deg);\r\n  -moz-transform: rotate(3deg);\r\n  -o-transform: rotate(3deg);\r\n  -ms-transform: rotate(3deg);\r\n  transform: rotate(3deg);\r\n  right: 10px;\r\n  left: auto;\r\n}\t\r\n\r\n            <\/style>\r\n        \r\n        \r\n<!-- bullet navigator container -->\r\n        <div u=\"navigator\" class=\"jssorb06\" style=\"position: absolute; bottom: 16px; right: 6px;\">\r\n            <!-- bullet navigator item prototype -->\r\n            <div id=\"jssorb06\" u=\"prototype\" style=\"POSITION: absolute;\"><\/div>\r\n        <\/div>\r\n        <!-- Bullet Navigator Skin End -->\r\n\t\t\r\n\t\t<style>#jssorb06{ width: 18px; height: 18px;}.jssorb06 .av,.jssorb06 div,.jssorb06 div:hover{background:url(https:\/\/www.chilimedia.ch\/de\/wp-content\/plugins\/easy-image-slider-pro\/images\/jssor\/b06.png) no-repeat;overflow:hidden;cursor:pointer}.jssorb06 div{background-position:-6px -6px}.jssorb06 .av:hover,.jssorb06 div:hover{background-position:-36px -6px}.jssorb06 .av{background-position:-66px -6px}.jssorb06 .dn,.jssorb06 .dn:hover{background-position:-96px -6px}<\/style>\t\r\n        \r\n\r\n    <\/div>\r\n    <!-- Jssor Slider End -->\r\n    \r\n\t    \r\n\r\n    \r\n<\/div>\r\n    <!-- Jssor Wrapper End -->\r\n\r\n\r\n\n<p><strong>Allgemeines:<\/strong> Die Solodaris Stiftung mit Sitz in Solothurn ist ein Kompetenzzentrum f\u00fcr Menschen mit einer psychischen Behinderung im Kanton Solothurn. Die privatrechtlich organisierte Stiftung engagiert sich f\u00fcr die berufliche und soziale Eingliederung von psychisch behinderten Menschen.<\/p>\n<p>In einer engen Zusammenarbeit haben die Solodaris Stiftung und chilimedia das Aare Forum gegr\u00fcndet. Seit 2007 vereint die j\u00e4hrlich stattfindende Veranstaltung in Olten hochkar\u00e4tige Referentinnen und Referenten \u2013 und dies jeweils zu einem Thema zu Gesellschaft und Arbeitswelt.<\/p>\n<p>Das 14. Aare Forum fand 2021 statt, Corona-bedingt mit einem Jahr Versp\u00e4tung. Es war auch das letzte. Aber Solodaris w\u00e4re nicht Solodaris, wenn nicht bereits eine neue Idee existieren w\u00fcrde. Im Jahr 2022 soll eine Veranstaltungsreihe unter dem Namen \u00abSolodarisTage\u00bb lanciert werden. Die Planung dazu ist in vollem Gange. Auch bei diesem neuen Projekt ist chilimedia mit an Bord.<\/p>\n<p><strong>Konzept:<\/strong> chilimedia war von Beginn weg in die Erarbeitung des Konzeptes f\u00fcr das Aare Forum involviert und hat die Art dieses Anlasses entscheidend mitgepr\u00e4gt. Sei es bei der Bestimmung des Themas oder bei der Auswahl von Referentinnen und Referenten, chilimedia ist stets beteiligt und deshalb auch stolz, dass aus einer Idee bereits zehn erfolgreiche Durchf\u00fchrungen entstanden sind.<\/p>\n<p><strong>Medienarbeit:<\/strong> Als \u00f6ffentliche Veranstaltung ist das Aare Forum im Vorfeld auf eine gute Medienpr\u00e4senz angewiesen. Ziel ist es, neue potenzielle Teilnehmerinnen und Teilnehmer anzusprechen. Mit allgemeinen Texten \u00fcber das Programm sowie einzelnen Stories zu prominenten oder besonders interessanten Rednern soll die Attraktivit\u00e4t dieses Anlasses verdeutlicht werden.<\/p>\n<p><strong>Drucksachen:<\/strong> chilimedia produziert eine Brosch\u00fcre mit Informationen zum Thema und zu den Referaten, die jeweils an die bisherigen Teilnehmenden verschickt und zudem an verschiedensten Orten in und um Olten aufgelegt wird. Der grosse Anteil an wiederkehrenden G\u00e4sten best\u00e4tigt, dass der adressierte Versand viel Wirkung hat.<\/p>\n","protected":false},"excerpt":{"rendered":"<p>Allgemeines: Die Solodaris Stiftung mit Sitz in Solothurn ist ein Kompetenzzentrum f\u00fcr Menschen mit einer psychischen Behinderung im Kanton Solothurn. Die privatrechtlich organisierte Stiftung engagiert sich f\u00fcr die berufliche und soziale Eingliederung von psychisch behinderten Menschen. In einer engen Zusammenarbeit haben die Solodaris Stiftung und chilimedia das Aare Forum gegr\u00fcndet. Seit 2007 vereint die j\u00e4hrlich&hellip;<\/p>\n","protected":false},"author":1,"featured_media":0,"parent":93,"menu_order":0,"comment_status":"closed","ping_status":"closed","template":"","meta":[],"_links":{"self":[{"href":"https:\/\/www.chilimedia.ch\/de\/wp-json\/wp\/v2\/pages\/131"}],"collection":[{"href":"https:\/\/www.chilimedia.ch\/de\/wp-json\/wp\/v2\/pages"}],"about":[{"href":"https:\/\/www.chilimedia.ch\/de\/wp-json\/wp\/v2\/types\/page"}],"author":[{"embeddable":true,"href":"https:\/\/www.chilimedia.ch\/de\/wp-json\/wp\/v2\/users\/1"}],"replies":[{"embeddable":true,"href":"https:\/\/www.chilimedia.ch\/de\/wp-json\/wp\/v2\/comments?post=131"}],"version-history":[{"count":8,"href":"https:\/\/www.chilimedia.ch\/de\/wp-json\/wp\/v2\/pages\/131\/revisions"}],"predecessor-version":[{"id":1171,"href":"https:\/\/www.chilimedia.ch\/de\/wp-json\/wp\/v2\/pages\/131\/revisions\/1171"}],"up":[{"embeddable":true,"href":"https:\/\/www.chilimedia.ch\/de\/wp-json\/wp\/v2\/pages\/93"}],"wp:attachment":[{"href":"https:\/\/www.chilimedia.ch\/de\/wp-json\/wp\/v2\/media?parent=131"}],"curies":[{"name":"wp","href":"https:\/\/api.w.org\/{rel}","templated":true}]}}