{"id":283,"date":"2016-06-13T09:24:52","date_gmt":"2016-06-13T09:24:52","guid":{"rendered":"http:\/\/www.chilimedia.ch\/de\/?page_id=283"},"modified":"2016-06-15T08:58:54","modified_gmt":"2016-06-15T08:58:54","slug":"denker","status":"publish","type":"page","link":"https:\/\/www.chilimedia.ch\/de\/kompetenzen\/denker\/","title":{"rendered":"Rundumdenker"},"content":{"rendered":"<p>\u00abDer erste Gedanke ist oft der beste.\u00bb Das Team von chilimedia h\u00e4lt sich nicht an diese Redewendung, sondern ist stets bestrebt, die Meinungen, kreativen Ideen und m\u00f6glichen L\u00f6sungen breit zu erfassen, in wiederholten Schritten zu hinterfragen und gegeneinander abzuw\u00e4gen.<\/p>\n<p>Als Agentur, die Ihnen einen kompletten Kommunikationsservice vom Konzept \u00fcber die Werbung und die Medienarbeit bis hin zu Drucksachen und Website bieten kann, denken wir jeweils einen Schritt weiter \u2013 manchmal sehr gradlinig und zielstrebig, manchmal unkonventionell und spielerisch. Immer jedoch mit dem Blick auf das gesamte Bild und alle Anwendungsbereiche.<\/p>\n<p>Zwei Grunds\u00e4tze bilden unsere st\u00e4ndigen Begleiter: Wir streben immer nach dem f\u00fcr den Kunden optimalen Ergebnis, egal ob nur f\u00fcr ein einziges Inserat oder ein umfassendes, langfristiges Kommunikationskonzept. Und wir bleiben stets offen, um Fehleinsch\u00e4tzungen zu korrigieren oder neue Entwicklungen in die Arbeit einfliessen zu lassen.<\/p>\n","protected":false},"excerpt":{"rendered":"<p>\u00abDer erste Gedanke ist oft der beste.\u00bb Das Team von chilimedia h\u00e4lt sich nicht an diese Redewendung, sondern ist stets bestrebt, die Meinungen, kreativen Ideen und m\u00f6glichen L\u00f6sungen breit zu erfassen, in wiederholten Schritten zu hinterfragen und gegeneinander abzuw\u00e4gen. Als Agentur, die Ihnen einen kompletten Kommunikationsservice vom Konzept \u00fcber die Werbung und die Medienarbeit bis&hellip;<\/p>\n","protected":false},"author":1,"featured_media":0,"parent":110,"menu_order":0,"comment_status":"closed","ping_status":"closed","template":"","meta":[],"_links":{"self":[{"href":"https:\/\/www.chilimedia.ch\/de\/wp-json\/wp\/v2\/pages\/283"}],"collection":[{"href":"https:\/\/www.chilimedia.ch\/de\/wp-json\/wp\/v2\/pages"}],"about":[{"href":"https:\/\/www.chilimedia.ch\/de\/wp-json\/wp\/v2\/types\/page"}],"author":[{"embeddable":true,"href":"https:\/\/www.chilimedia.ch\/de\/wp-json\/wp\/v2\/users\/1"}],"replies":[{"embeddable":true,"href":"https:\/\/www.chilimedia.ch\/de\/wp-json\/wp\/v2\/comments?post=283"}],"version-history":[{"count":1,"href":"https:\/\/www.chilimedia.ch\/de\/wp-json\/wp\/v2\/pages\/283\/revisions"}],"predecessor-version":[{"id":284,"href":"https:\/\/www.chilimedia.ch\/de\/wp-json\/wp\/v2\/pages\/283\/revisions\/284"}],"up":[{"embeddable":true,"href":"https:\/\/www.chilimedia.ch\/de\/wp-json\/wp\/v2\/pages\/110"}],"wp:attachment":[{"href":"https:\/\/www.chilimedia.ch\/de\/wp-json\/wp\/v2\/media?parent=283"}],"curies":[{"name":"wp","href":"https:\/\/api.w.org\/{rel}","templated":true}]}}