{"id":285,"date":"2016-06-13T09:25:43","date_gmt":"2016-06-13T09:25:43","guid":{"rendered":"http:\/\/www.chilimedia.ch\/de\/?page_id=285"},"modified":"2016-06-13T14:35:26","modified_gmt":"2016-06-13T14:35:26","slug":"wort","status":"publish","type":"page","link":"https:\/\/www.chilimedia.ch\/de\/kompetenzen\/wort\/","title":{"rendered":"Wortf\u00fchrer"},"content":{"rendered":"<p>Eine Information zu vermitteln, insbesondere eine negative, birgt mehr Fallstricke als man zuweilen annimmt. Bei chilimedia vereinen sich die Erfahrung aus mehreren Jahrzehnten Berufspraxis im Journalismus wie auch aus verschiedensten T\u00e4tigkeiten in der Verbands- und Veranstaltungs-Kommunikation.<\/p>\n<p>Wir begleiten und unterst\u00fctzen Unternehmen, Organisationen und Beh\u00f6rden, \u00fcbernehmen deren Medienarbeit, planen und koordinieren die Publikationen und stehen ihnen auch in schwierigen Situationen zur Seite. Ob eine Medienkonferenz zu einem besonderen Ereignis, ein Communiqu\u00e9 mit brisantem Inhalt oder einfach die allt\u00e4gliche Informationsweitergabe \u2013 wir nehmen Sie beim Wort und lassen dieses in der bestm\u00f6glichen Form dem geplanten Empf\u00e4ngerkreis zukommen.<\/p>\n","protected":false},"excerpt":{"rendered":"<p>Eine Information zu vermitteln, insbesondere eine negative, birgt mehr Fallstricke als man zuweilen annimmt. Bei chilimedia vereinen sich die Erfahrung aus mehreren Jahrzehnten Berufspraxis im Journalismus wie auch aus verschiedensten T\u00e4tigkeiten in der Verbands- und Veranstaltungs-Kommunikation. Wir begleiten und unterst\u00fctzen Unternehmen, Organisationen und Beh\u00f6rden, \u00fcbernehmen deren Medienarbeit, planen und koordinieren die Publikationen und stehen ihnen&hellip;<\/p>\n","protected":false},"author":1,"featured_media":0,"parent":110,"menu_order":0,"comment_status":"closed","ping_status":"closed","template":"","meta":[],"_links":{"self":[{"href":"https:\/\/www.chilimedia.ch\/de\/wp-json\/wp\/v2\/pages\/285"}],"collection":[{"href":"https:\/\/www.chilimedia.ch\/de\/wp-json\/wp\/v2\/pages"}],"about":[{"href":"https:\/\/www.chilimedia.ch\/de\/wp-json\/wp\/v2\/types\/page"}],"author":[{"embeddable":true,"href":"https:\/\/www.chilimedia.ch\/de\/wp-json\/wp\/v2\/users\/1"}],"replies":[{"embeddable":true,"href":"https:\/\/www.chilimedia.ch\/de\/wp-json\/wp\/v2\/comments?post=285"}],"version-history":[{"count":2,"href":"https:\/\/www.chilimedia.ch\/de\/wp-json\/wp\/v2\/pages\/285\/revisions"}],"predecessor-version":[{"id":296,"href":"https:\/\/www.chilimedia.ch\/de\/wp-json\/wp\/v2\/pages\/285\/revisions\/296"}],"up":[{"embeddable":true,"href":"https:\/\/www.chilimedia.ch\/de\/wp-json\/wp\/v2\/pages\/110"}],"wp:attachment":[{"href":"https:\/\/www.chilimedia.ch\/de\/wp-json\/wp\/v2\/media?parent=285"}],"curies":[{"name":"wp","href":"https:\/\/api.w.org\/{rel}","templated":true}]}}