{"id":354,"date":"2016-06-21T11:14:43","date_gmt":"2016-06-21T11:14:43","guid":{"rendered":"http:\/\/www.chilimedia.ch\/de\/?page_id=354"},"modified":"2016-12-02T12:11:45","modified_gmt":"2016-12-02T12:11:45","slug":"unternehmen","status":"publish","type":"page","link":"https:\/\/www.chilimedia.ch\/de\/team\/unternehmen\/","title":{"rendered":"Das Unternehmen"},"content":{"rendered":"<p>Die chilimedia GmbH ist ein inhabergef\u00fchrter, klassischer KMU-Betrieb, der 2016 sein zehnj\u00e4hriges Bestehen feiert. Die beiden Firmengr\u00fcnder, Wolfgang Niklaus und Thomas Knapp, arbeiteten zu zweit, bis mit dem Bezug der B\u00fcror\u00e4umlichkeiten an der Oltner Ringstrasse im Januar 2010 ein Ausbau der Belegschaft erfolgte. Ein Schritt, der aufgrund der kontinuierlich gestiegenen Nachfrage nach pointierten Kampagnen und w\u00fcrzigen Texten im PR- und Medienbereich l\u00e4ngst f\u00e4llig gewesen war.<\/p>\n<p>Im Juli 2014 erfolgte aus Platzgr\u00fcnden der Umzug in den ersten Stock des Oltner \u00abAarhof\u00bb. Der direkte Blick auf die Aare ist der Produktivit\u00e4t und Kreativit\u00e4t des Teams alles andere denn abtr\u00e4glich.<\/p>\n<p>Per Ende Juni 2016 hat Wolfgang Niklaus die Anteile seines Partners Thomas Knapp auf dessen Wunsch \u00fcbernommen und ist nun Alleininhaber der Firma. Knapp hat seine Mitarbeit bei chilimedia per Ende November 2016 beendet.<\/p>\n","protected":false},"excerpt":{"rendered":"<p>Die chilimedia GmbH ist ein inhabergef\u00fchrter, klassischer KMU-Betrieb, der 2016 sein zehnj\u00e4hriges Bestehen feiert. Die beiden Firmengr\u00fcnder, Wolfgang Niklaus und Thomas Knapp, arbeiteten zu zweit, bis mit dem Bezug der B\u00fcror\u00e4umlichkeiten an der Oltner Ringstrasse im Januar 2010 ein Ausbau der Belegschaft erfolgte. Ein Schritt, der aufgrund der kontinuierlich gestiegenen Nachfrage nach pointierten Kampagnen und&hellip;<\/p>\n","protected":false},"author":1,"featured_media":0,"parent":10,"menu_order":0,"comment_status":"closed","ping_status":"closed","template":"","meta":[],"_links":{"self":[{"href":"https:\/\/www.chilimedia.ch\/de\/wp-json\/wp\/v2\/pages\/354"}],"collection":[{"href":"https:\/\/www.chilimedia.ch\/de\/wp-json\/wp\/v2\/pages"}],"about":[{"href":"https:\/\/www.chilimedia.ch\/de\/wp-json\/wp\/v2\/types\/page"}],"author":[{"embeddable":true,"href":"https:\/\/www.chilimedia.ch\/de\/wp-json\/wp\/v2\/users\/1"}],"replies":[{"embeddable":true,"href":"https:\/\/www.chilimedia.ch\/de\/wp-json\/wp\/v2\/comments?post=354"}],"version-history":[{"count":6,"href":"https:\/\/www.chilimedia.ch\/de\/wp-json\/wp\/v2\/pages\/354\/revisions"}],"predecessor-version":[{"id":508,"href":"https:\/\/www.chilimedia.ch\/de\/wp-json\/wp\/v2\/pages\/354\/revisions\/508"}],"up":[{"embeddable":true,"href":"https:\/\/www.chilimedia.ch\/de\/wp-json\/wp\/v2\/pages\/10"}],"wp:attachment":[{"href":"https:\/\/www.chilimedia.ch\/de\/wp-json\/wp\/v2\/media?parent=354"}],"curies":[{"name":"wp","href":"https:\/\/api.w.org\/{rel}","templated":true}]}}