{"id":356,"date":"2016-06-21T11:20:29","date_gmt":"2016-06-21T11:20:29","guid":{"rendered":"http:\/\/www.chilimedia.ch\/de\/?page_id=356"},"modified":"2023-02-01T09:27:13","modified_gmt":"2023-02-01T09:27:13","slug":"partner","status":"publish","type":"page","link":"https:\/\/www.chilimedia.ch\/de\/team\/partner\/","title":{"rendered":"Partner"},"content":{"rendered":"<p>Wir von chilimedia haben ganz sch\u00f6n viele Talente. Trotzdem sind wir regelm\u00e4ssig auf das Zusammenspiel mit unseren Partnern angewiesen. Langj\u00e4hrige Partner notabene, die exakt so funktionieren wie wir: Professionell und auf den Punkt, aber stets mit der n\u00f6tigen Flexibili\u00e4t und Rundumsicht.<\/p>\n<p>Wir b\u00fcndeln ihre Ressourcen und Kompetenzen projektbezogen mit unserem eigenen Know-how und kreieren so massgeschneiderte Kommunikationsl\u00f6sungen. Just dies wollen wir unseren Kundinnen und Kunden auch anbieten.<\/p>\n<p><strong>Druck<\/strong><br \/>\nDietschi Print&amp;Design AG, Olten, <a href=\"http:\/\/www.dietschi-pd.ch\/\" target=\"_blank\" rel=\"noopener noreferrer\">dietschi-pd.ch<\/a><\/p>\n<p><strong>Fotografie<\/strong><br \/>\nPatrick L\u00fcthy, Olten, <a href=\"https:\/\/imagopress.ch\/\" target=\"_blank\" rel=\"noopener\">imagopress.ch<\/a><\/p>\n<p><strong>Grafik<\/strong><br \/>\nGrafikatelier Michael Schmid, <a href=\"http:\/\/www.grafikschmid.ch\/\" target=\"_blank\" rel=\"noopener noreferrer\">grafikschmid.ch<\/a><\/p>\n","protected":false},"excerpt":{"rendered":"<p>Wir von chilimedia haben ganz sch\u00f6n viele Talente. Trotzdem sind wir regelm\u00e4ssig auf das Zusammenspiel mit unseren Partnern angewiesen. Langj\u00e4hrige Partner notabene, die exakt so funktionieren wie wir: Professionell und auf den Punkt, aber stets mit der n\u00f6tigen Flexibili\u00e4t und Rundumsicht. Wir b\u00fcndeln ihre Ressourcen und Kompetenzen projektbezogen mit unserem eigenen Know-how und kreieren so&hellip;<\/p>\n","protected":false},"author":1,"featured_media":0,"parent":10,"menu_order":0,"comment_status":"closed","ping_status":"closed","template":"","meta":[],"_links":{"self":[{"href":"https:\/\/www.chilimedia.ch\/de\/wp-json\/wp\/v2\/pages\/356"}],"collection":[{"href":"https:\/\/www.chilimedia.ch\/de\/wp-json\/wp\/v2\/pages"}],"about":[{"href":"https:\/\/www.chilimedia.ch\/de\/wp-json\/wp\/v2\/types\/page"}],"author":[{"embeddable":true,"href":"https:\/\/www.chilimedia.ch\/de\/wp-json\/wp\/v2\/users\/1"}],"replies":[{"embeddable":true,"href":"https:\/\/www.chilimedia.ch\/de\/wp-json\/wp\/v2\/comments?post=356"}],"version-history":[{"count":11,"href":"https:\/\/www.chilimedia.ch\/de\/wp-json\/wp\/v2\/pages\/356\/revisions"}],"predecessor-version":[{"id":1284,"href":"https:\/\/www.chilimedia.ch\/de\/wp-json\/wp\/v2\/pages\/356\/revisions\/1284"}],"up":[{"embeddable":true,"href":"https:\/\/www.chilimedia.ch\/de\/wp-json\/wp\/v2\/pages\/10"}],"wp:attachment":[{"href":"https:\/\/www.chilimedia.ch\/de\/wp-json\/wp\/v2\/media?parent=356"}],"curies":[{"name":"wp","href":"https:\/\/api.w.org\/{rel}","templated":true}]}}