{"id":68,"date":"2016-03-02T14:23:34","date_gmt":"2016-03-02T14:23:34","guid":{"rendered":"http:\/\/www.chilimedia.ch\/de\/?page_id=68"},"modified":"2016-06-21T14:53:49","modified_gmt":"2016-06-21T14:53:49","slug":"buch","status":"publish","type":"page","link":"https:\/\/www.chilimedia.ch\/de\/kompetenzen\/buch\/","title":{"rendered":"Buchmacher"},"content":{"rendered":"\r\n\r\n    <script>\r\n\r\n        jQuery(document).ready(function ($) {\r\n\t\t\t\r\n\t\t\tjQuery(\"img[data-rel^='ewicprettyPhoto[ewic-slider-377]']\").ewcPhoto({theme: \"ewc_default\", allow_expand: false, deeplinking: false, slideshow: 5000, autoplay_slideshow: false, hook: \"data-rel\", social_tools:false});\r\n            var _SlideshowTransitions = [\r\n\r\n\t\t\t{$Duration:600,$Delay:100,$Cols:10,$Formation:$JssorSlideshowFormations$.$FormationStraight,$Opacity:2} \/* Vertical Fade Stripe *\/\r\n                ];\r\n\t\t\t\t\r\n            var _CaptionTransitions = [\r\n\t\t\t\r\n\t\t\t{$Duration: 900, $Clip: 3, $Easing: $JssorEasing$.$EaseInOutCubic }\r\n            ];\r\n\t\t\t\r\n\t\t\t\/\/Slider Options\t\r\n\r\n            var options = {\r\n\t\t\t\t$LazyLoading: 1,\r\n                $AutoPlay: true,\r\n                $AutoPlayInterval: 6000,\r\n\t\t\t\t$FillMode: '2',  \r\n                $PauseOnHover: 1,\r\n                $DragOrientation: 3,\r\n                $ArrowKeyNavigation: true,\r\n                $SlideDuration: 800,\r\n\t\t\t\t\r\n                $SlideshowOptions: {\r\n                    $Class: $JssorSlideshowRunner$,\r\n                    $Transitions: _SlideshowTransitions,\r\n                    $TransitionsOrder: 1,\r\n                    $ShowLink: true\r\n                },\r\n\r\n                $ArrowNavigatorOptions: {\r\n                    $Class: $JssorArrowNavigator$,\r\n                    $ChanceToShow: 1                },\r\n\t\t\t\t\r\n                $CaptionSliderOptions: {\r\n                    $Class: $JssorCaptionSlider$,\r\n                    $CaptionTransitions: _CaptionTransitions,\r\n                    $PlayInMode: 1,\r\n                    $PlayOutMode: 3\r\n                },\r\n\t\t\t\t\r\n\r\n\r\n\t\t\r\n\t\t$BulletNavigatorOptions: {\r\n                    $Class: $JssorBulletNavigator$,\r\n                    $ChanceToShow: 2,\r\n                    $AutoCenter: 1,\r\n                    $Steps: 1,\r\n                    $Lanes: 1,\r\n                    $SpacingX: 10,\r\n                    $SpacingY: 10,\r\n                    $Orientation: 1\r\n\t\t\t\t\t},\t\r\n\t\t\t\t\r\n            };\r\n\r\n            var ewic_slider_377_slider = new $JssorSlider$(\"ewic-slider-377\", options);\r\n\t\t\t\r\n\t\t\t\r\n            \/\/responsive code begin\r\n            \/\/you can disable responsive mode from slider setting if you don't want the slider scales while window resizes\r\n            function ScaleSlider() {\r\n                var parentWidth = ewic_slider_377_slider.$Elmt.parentNode.clientWidth;\r\n                if (parentWidth)\r\n                    ewic_slider_377_slider.$ScaleWidth(Math.max(Math.min(parentWidth, 1040), 300));\r\n                else\r\n                    window.setTimeout(ScaleSlider, 30);\r\n            }\r\n            ScaleSlider();\r\n\r\n            $(window).bind(\"load\", ScaleSlider);\r\n            $(window).bind(\"resize\", ScaleSlider);\r\n            $(window).bind(\"orientationchange\", ScaleSlider);\r\n            \/\/responsive code end\r\n\t\t\t\t\t\t\r\n            \/\/Arrow Reposition\r\n\t\t\t\t\t\r\n\t\t\t\t\tvar arrowph = jQuery('#ewic-slider-377-slidercon').height();\r\n\t\t\t\t\tvar arrowh = jQuery('#ewic-slider-377-wrapper .jssora11l').height() \/2;\r\n\t\t\t\t\t\t\t\t\t\tvar btmbgh = jQuery('#ewic-slider-377-wrapper .jssort01').height();\r\n\t\t\t\t\tvar arrowmin = arrowph - btmbgh; \r\n\t\t\t\t\tvar arrowpos = arrowmin \/ 2;\t\r\n\r\n\t\t\t\t\tjQuery('#ewic-slider-377-wrapper .jssora11l, #ewic-slider-377-wrapper .jssora11r').css('top', arrowpos - arrowh);\r\n\r\n\r\n\t\t\t\t\t\t\t\t\r\n\t\t\/\/ Share Button Properties\r\n\t\tvar ewic_slider_377_imgtoshare;\r\n\t\tvar ewic_slider_377_imgttl;\r\newic_slider_377_slider.$On($JssorSlider$.$EVT_PARK,function(slideIndex,fromIndex){\r\n\t\r\n\tewic_slider_377_imgtoshare = ewic_slider_377_image_prop[slideIndex][0];\r\n\tewic_slider_377_imgttl = ewic_slider_377_image_prop[slideIndex][1];\r\n\t\t});\r\n\t\t\r\n\tvar fbdialogw; var fbdialogh;\r\n\tjQuery('.ewic-slider-377-share .share-icon-ul li').on('click', function () {\r\n\t\tjQuery(this).addClass('ajax-share');\r\n\t\tif ( jQuery(this).data('sharetype') == 'facebook' ) {\r\n\t\tfbdialogw = '940'; fbdialogh = '500';\r\n\t\t} else { fbdialogw = '548'; fbdialogh = '325'; }\r\n\t\t\r\n\t\t\t\tif ( jQuery(this).data('sharetype') == 'email' ) {\r\n\t\t\t\t\tvar myPopup = '';\r\n\t\t\t\t\t} \r\n\t\t\t\t\telse {\r\n\t\t\t\t\t\tvar myPopup = window.open('','sharer','toolbar=0,status=0,width='+fbdialogw+',height='+fbdialogh+'');\r\n\t\t\t\t\t\t}\r\n\t\t\r\n\r\n\t\t\r\n\t\tdo_the_ajax_call(myPopup, jQuery(this).data('sharetype'));\r\n\t\t\r\n\t\t});\r\n\t\t\r\n\t\t\r\n\tfunction do_the_ajax_call(myPopup, dat){\r\n\t\tvar ewic_slider_377_appid = 'none';\r\n\t\tjQuery.post(\r\n\t\t'https:\/\/www.chilimedia.ch\/de\/wp-admin\/admin-ajax.php', \r\n    \t\t{\r\n        \t\t'action': 'ewic_share_via_ajax',\r\n        \t\t'imgurl': ''+ewic_slider_377_imgtoshare+'',\r\n        \t\t'imgtitle': ''+ewic_slider_377_imgttl+'',\r\n\t\t\t\t'dattype': ''+dat+'',\r\n\t\t\t\t'appid': ''+ewic_slider_377_appid+'',\t\t\t\r\n        \t\t'thelink': ''+window.location.href+''\r\n    \t\t\t}, \r\n\t\t\t\t\r\n    \t\tfunction(response){\r\n\t\t\t\t\r\n\t\t\t\tjQuery('.ewic-slider-377-share .share-icon-ul .share-'+dat+'').removeClass('ajax-share');\r\n\t\t\t\t\r\n\t\t\t\tif ( dat == 'email' ) {\r\n\t\t\t\t\tdocument.location.href = response;\r\n\t\t\t\t\t} \r\n\t\t\t\t\telse {\r\n\t\t\t\t\t\tmyPopup.location = response;\r\n\t\t\t\t\t\t}\r\n    \t\t\t}\r\n\t\t\t);\r\n\t\t}\r\n\t\t\r\n\t\t\t\r\n\t\t\r\n\t\tjQuery(\"#preloader-ewic-slider-377\").fadeOut(1500, function () {\r\n\t\t\tjQuery(\"#ewic-slider-377-wrapper\").fadeIn(1000);\r\n\t\t\tjQuery('#ewic-slider-377-wrapper').width('auto').height('auto');\r\n\t\t\t});\r\n\t\t\r\n\t\t\t\t\r\n\t\tjQuery('#ewic-slider-377').fadeIn(\"1000\", function () {\r\n\t\t\tjQuery('#ewic-slider-377-wrapper').addClass('effect1');\r\n\t\t\t\r\n\t\t\t});\r\n\t\t\r\n\t\tjQuery('[data-clickurl]').on('click', function() {\r\n\t\t\t\r\n\t\t\tvar redirectWindow = window.open($(this).data('url'), $(this).data('target'));\r\n\t\t\tredirectWindow.location;\r\n\t\t\t\r\n\t\t});\r\n\t\t\r\n\t});\r\n    <\/script>\r\n    <!-- Jssor Slider Begin -->\r\n    <!-- You can move inline styles to css file or css block. -->\r\n    \r\n   \t<div id=\"preloader-ewic-slider-377\" class=\"sliderpreloader\"><\/div>\r\n    <div class=\" ewic-center\" id=\"ewic-slider-377-wrapper\" style=\"min-width: 300px; max-width: 1040px; display: none;\">\r\n    <div id=\"ewic-slider-377\" style=\"position: relative; top: 0px; left: 0px; width: 1040px;\r\n        height: 400px; background: #ffffff; overflow: hidden; display: none;\">\r\n        <!-- Loading Screen -->\r\n        <div u=\"loading\" style=\"position: absolute; top: 0px; left: 0px;\">\r\n            <div style=\"filter: alpha(opacity=70); opacity:0.7; position: absolute; display: block;\r\n                background-color: #000000; top: 0px; left: 0px;width: 100%;height:100%;\">\r\n            <\/div>\r\n            <div style=\"position: absolute; display: block; background: url(https:\/\/www.chilimedia.ch\/de\/wp-content\/plugins\/easy-image-slider-pro\/images\/jssor\/loading.gif) no-repeat center center;\r\n                top: 0px; left: 0px;width: 100%;height:100%;\">\r\n            <\/div>\r\n        <\/div>\r\n\r\n        <!-- Slides Container -->\r\n        \r\n        <div id=\"ewic-slider-377-slidercon\" u=\"slides\" style=\"cursor: move; position: absolute; left: 0px; top: 0px; width: 1040px; height: 400px; overflow: hidden;\">\r\n            <div><img alt=\"Kompetenzen-Buch-GewerbeOlten\" class=\"sldrimg\" u=\"image\" src2=\"https:\/\/www.chilimedia.ch\/de\/wp-content\/uploads\/2016\/06\/Kompetenzen-Buch-GewerbeOlten.jpg\" \/><img alt=\"Kompetenzen-Buch-GewerbeOlten\" class=\"sldrimg\" u=\"thumb\" src2=\"https:\/\/www.chilimedia.ch\/de\/wp-content\/uploads\/2016\/06\/Kompetenzen-Buch-GewerbeOlten-150x150.jpg\" \/><\/div><div><img alt=\"Kompetenzen-Buch-Haerkingen\" class=\"sldrimg\" u=\"image\" src2=\"https:\/\/www.chilimedia.ch\/de\/wp-content\/uploads\/2016\/06\/Kompetenzen-Buch-Haerkingen.jpg\" \/><img alt=\"Kompetenzen-Buch-Haerkingen\" class=\"sldrimg\" u=\"thumb\" src2=\"https:\/\/www.chilimedia.ch\/de\/wp-content\/uploads\/2016\/06\/Kompetenzen-Buch-Haerkingen-150x150.jpg\" \/><\/div><div><img alt=\"Kompetenzen-Buch-kgv\" class=\"sldrimg\" u=\"image\" src2=\"https:\/\/www.chilimedia.ch\/de\/wp-content\/uploads\/2016\/06\/Kompetenzen-Buch-kgv.jpg\" \/><img alt=\"Kompetenzen-Buch-kgv\" class=\"sldrimg\" u=\"thumb\" src2=\"https:\/\/www.chilimedia.ch\/de\/wp-content\/uploads\/2016\/06\/Kompetenzen-Buch-kgv-150x150.jpg\" \/><\/div><div><img alt=\"Kompetenzen-Buch-Blaulichtleben\" class=\"sldrimg\" u=\"image\" src2=\"https:\/\/www.chilimedia.ch\/de\/wp-content\/uploads\/2016\/06\/Kompetenzen-Buch-Blaulichtleben.jpg\" \/><img alt=\"Kompetenzen-Buch-Blaulichtleben\" class=\"sldrimg\" u=\"thumb\" src2=\"https:\/\/www.chilimedia.ch\/de\/wp-content\/uploads\/2016\/06\/Kompetenzen-Buch-Blaulichtleben-150x150.jpg\" \/><\/div>\t\t\t\t\t\t\t\r\n\t\t\t\t\t<script>\r\n   \t\t\t\t\t\tvar ewic_slider_377_image_prop = [];\r\n   \t\t\t\t\t\t\t\t\t\t   \t\t\t\t\tewic_slider_377_image_prop.push(['https:\/\/www.chilimedia.ch\/de\/wp-content\/uploads\/2016\/06\/Kompetenzen-Buch-GewerbeOlten.jpg', 'Kompetenzen Buch GewerbeOlten']);\r\n   \t\t\t\t\t\t\t\t\t\t   \t\t\t\t\tewic_slider_377_image_prop.push(['https:\/\/www.chilimedia.ch\/de\/wp-content\/uploads\/2016\/06\/Kompetenzen-Buch-Haerkingen.jpg', 'Kompetenzen Buch Haerkingen']);\r\n   \t\t\t\t\t\t\t\t\t\t   \t\t\t\t\tewic_slider_377_image_prop.push(['https:\/\/www.chilimedia.ch\/de\/wp-content\/uploads\/2016\/06\/Kompetenzen-Buch-kgv.jpg', 'Kompetenzen Buch kgv']);\r\n   \t\t\t\t\t\t\t\t\t\t   \t\t\t\t\tewic_slider_377_image_prop.push(['https:\/\/www.chilimedia.ch\/de\/wp-content\/uploads\/2016\/06\/Kompetenzen-Buch-Blaulichtleben.jpg', 'Kompetenzen Buch Blaulichtleben']);\r\n   \t\t\t\t\t \r\n\r\n\t\t\t\t\t<\/script>\r\n\t\t\t\t\t\t\r\n\t\t\t\t\t\t\r\n\t\t\t\t\t        \r\n\t\r\n\r\n<style>.jssora11l, .jssora11r, .jssora11ldn, .jssora11rdn\r\n            {\r\n\t\t\t\twidth: 55px;\r\n\t\t\t\theight: 55px;\r\n            \tposition: absolute;\r\n            \tcursor: pointer;\r\n            \tdisplay: block;\r\n                background: url(https:\/\/www.chilimedia.ch\/de\/wp-content\/plugins\/easy-image-slider-pro\/images\/jssor\/a21.png) center center no-repeat;\r\n                overflow: hidden;\r\n            }\r\n            .jssora11l { background-position: -3px -33px; }\r\n            .jssora11r { background-position: -63px -33px; }\r\n            .jssora11l:hover { background-position: -123px -33px; }\r\n            .jssora11r:hover { background-position: -183px -33px; }\r\n            .jssora11ldn { background-position: -243px -33px; }\r\n            .jssora11rdn { background-position: -303px -33px; }<\/style>\t \r\n\r\n\t\t\t<!-- Arrow Left -->\r\n        \t<span u=\"arrowleft\" class=\"jssora11l\" style=\"left:8px;\">\r\n        \t<\/span>\r\n        \t<!-- Arrow Right -->\r\n        \t<span u=\"arrowright\" class=\"jssora11r\" style=\"right:8px;\">\r\n        \t<\/span>\r\n        \t<!-- Arrow Navigator End -->\r\n\r\n\r\n        <\/div>   \r\n        <!-- Slides Container End -->\r\n        \r\n            <style>\r\n\t\t\t\r\n\t\t\/*==================================================\r\n * Effect 1\r\n * ===============================================*\/\r\n.effect1\r\n{\r\n  z-index: 1;\t\r\n  position: relative;\r\n}\r\n.effect1:before, .effect1:after\r\n{\r\n  z-index: -1;\r\n  position: absolute;\r\n  content: \"\";\r\n  bottom: 15px;\r\n  left: 10px;\r\n  width: 50%;\r\n  top: 80%;\r\n  max-width:300px;\r\n  background: #777;\r\n  -webkit-box-shadow: 0 15px 10px #777;\r\n  -moz-box-shadow: 0 15px 10px #777;\r\n  box-shadow: 0 15px 10px #777;\r\n  -webkit-transform: rotate(-3deg);\r\n  -moz-transform: rotate(-3deg);\r\n  -o-transform: rotate(-3deg);\r\n  -ms-transform: rotate(-3deg);\r\n  transform: rotate(-3deg);\r\n}\r\n.effect1:after\r\n{\r\n  -webkit-transform: rotate(3deg);\r\n  -moz-transform: rotate(3deg);\r\n  -o-transform: rotate(3deg);\r\n  -ms-transform: rotate(3deg);\r\n  transform: rotate(3deg);\r\n  right: 10px;\r\n  left: auto;\r\n}\t\r\n\r\n            <\/style>\r\n        \r\n        \r\n<!-- bullet navigator container -->\r\n        <div u=\"navigator\" class=\"jssorb06\" style=\"position: absolute; bottom: 16px; right: 6px;\">\r\n            <!-- bullet navigator item prototype -->\r\n            <div id=\"jssorb06\" u=\"prototype\" style=\"POSITION: absolute;\"><\/div>\r\n        <\/div>\r\n        <!-- Bullet Navigator Skin End -->\r\n\t\t\r\n\t\t<style>#jssorb06{ width: 18px; height: 18px;}.jssorb06 .av,.jssorb06 div,.jssorb06 div:hover{background:url(https:\/\/www.chilimedia.ch\/de\/wp-content\/plugins\/easy-image-slider-pro\/images\/jssor\/b06.png) no-repeat;overflow:hidden;cursor:pointer}.jssorb06 div{background-position:-6px -6px}.jssorb06 .av:hover,.jssorb06 div:hover{background-position:-36px -6px}.jssorb06 .av{background-position:-66px -6px}.jssorb06 .dn,.jssorb06 .dn:hover{background-position:-96px -6px}<\/style>\t\r\n        \r\n\r\n    <\/div>\r\n    <!-- Jssor Slider End -->\r\n    \r\n\t    \r\n\r\n    \r\n<\/div>\r\n    <!-- Jssor Wrapper End -->\r\n\r\n\r\n\n<p>Wir betreuen und realisieren Ihr Buchprojekt von A bis Z.<\/p>\n<p>In einer ersten Besprechung ermitteln wir gemeinsam, basierend auf Ihren Ideen und Rahmenbedingungen, die Grundz\u00fcge des Vorhabens und erstellen daraus ein Konzept sowie einen Zeitplan.<\/p>\n<p>Dank unserem journalistischen Background sind wir in der Lage, sowohl Texte f\u00fcr ein Buch zu verfassen, wie auch die Beschaffung von Inhalten zu koordinieren. Wir \u00fcbernehmen die Redaktion der Texte und sorgen auch f\u00fcr eine letzte Korrekturlesung.<\/p>\n<p>Erg\u00e4nzt mit den gelieferten Fotos und Illustrationen sowie falls n\u00f6tig mit von uns produziertem Bildmaterial bringen wir den gesamten Inhalt in ein themengerechtes Layout. Die Wahl der richtigen Darstellungsformen und der passenden Schriften geh\u00f6ren ebenso dazu wie die Umschlagsgestaltung.<\/p>\n<p>S\u00e4mtliche Daten werden von uns bis zur Druckvorstufe aufbereitet und schliesslich der Druck gem\u00e4ss Ihren Vorgaben und den von uns eingeholten Offerten in Auftrag gegeben.<\/p>\n","protected":false},"excerpt":{"rendered":"<p>Wir betreuen und realisieren Ihr Buchprojekt von A bis Z. In einer ersten Besprechung ermitteln wir gemeinsam, basierend auf Ihren Ideen und Rahmenbedingungen, die Grundz\u00fcge des Vorhabens und erstellen daraus ein Konzept sowie einen Zeitplan. Dank unserem journalistischen Background sind wir in der Lage, sowohl Texte f\u00fcr ein Buch zu verfassen, wie auch die Beschaffung&hellip;<\/p>\n","protected":false},"author":1,"featured_media":0,"parent":110,"menu_order":0,"comment_status":"closed","ping_status":"closed","template":"","meta":[],"_links":{"self":[{"href":"https:\/\/www.chilimedia.ch\/de\/wp-json\/wp\/v2\/pages\/68"}],"collection":[{"href":"https:\/\/www.chilimedia.ch\/de\/wp-json\/wp\/v2\/pages"}],"about":[{"href":"https:\/\/www.chilimedia.ch\/de\/wp-json\/wp\/v2\/types\/page"}],"author":[{"embeddable":true,"href":"https:\/\/www.chilimedia.ch\/de\/wp-json\/wp\/v2\/users\/1"}],"replies":[{"embeddable":true,"href":"https:\/\/www.chilimedia.ch\/de\/wp-json\/wp\/v2\/comments?post=68"}],"version-history":[{"count":5,"href":"https:\/\/www.chilimedia.ch\/de\/wp-json\/wp\/v2\/pages\/68\/revisions"}],"predecessor-version":[{"id":383,"href":"https:\/\/www.chilimedia.ch\/de\/wp-json\/wp\/v2\/pages\/68\/revisions\/383"}],"up":[{"embeddable":true,"href":"https:\/\/www.chilimedia.ch\/de\/wp-json\/wp\/v2\/pages\/110"}],"wp:attachment":[{"href":"https:\/\/www.chilimedia.ch\/de\/wp-json\/wp\/v2\/media?parent=68"}],"curies":[{"name":"wp","href":"https:\/\/api.w.org\/{rel}","templated":true}]}}