{"id":71,"date":"2016-03-02T14:32:01","date_gmt":"2016-03-02T14:32:01","guid":{"rendered":"http:\/\/www.chilimedia.ch\/de\/?page_id=71"},"modified":"2016-10-10T14:50:23","modified_gmt":"2016-10-10T14:50:23","slug":"text","status":"publish","type":"page","link":"https:\/\/www.chilimedia.ch\/de\/kompetenzen\/text\/","title":{"rendered":"Schreibmaschinen"},"content":{"rendered":"<p>Ob frisch und frech, einf\u00fchlsam und stimmungsvoll oder objektiv sachlich und faktengenau: Wir verfassen f\u00fcr Sie Texte aller Art und f\u00fcr verschiedenste Publikationsformen \u2013 nicht als Maschinen, sondern schreibgewandt und kreativ.<\/p>\n<p>Suchen Sie einen pr\u00e4gnanten Firmennamen oder einen knalligen Slogan? Ben\u00f6tigen Sie Texte f\u00fcr einen Flyer oder f\u00fcr Ihre Medienarbeit? Fehlt es Ihnen an passenden Inhalten f\u00fcr die Website oder an umfassenden Beitr\u00e4gen f\u00fcr eine Unternehmens-Brosch\u00fcre? Das chilimedia-Team nimmt sich diesen Aufgaben an, recherchiert und formuliert, und verwandelt Ihre Gedanken und Informationen in lesenswerte Texte.<\/p>\n","protected":false},"excerpt":{"rendered":"<p>Ob frisch und frech, einf\u00fchlsam und stimmungsvoll oder objektiv sachlich und faktengenau: Wir verfassen f\u00fcr Sie Texte aller Art und f\u00fcr verschiedenste Publikationsformen \u2013 nicht als Maschinen, sondern schreibgewandt und kreativ. Suchen Sie einen pr\u00e4gnanten Firmennamen oder einen knalligen Slogan? Ben\u00f6tigen Sie Texte f\u00fcr einen Flyer oder f\u00fcr Ihre Medienarbeit? Fehlt es Ihnen an passenden&hellip;<\/p>\n","protected":false},"author":1,"featured_media":0,"parent":110,"menu_order":0,"comment_status":"closed","ping_status":"closed","template":"","meta":[],"_links":{"self":[{"href":"https:\/\/www.chilimedia.ch\/de\/wp-json\/wp\/v2\/pages\/71"}],"collection":[{"href":"https:\/\/www.chilimedia.ch\/de\/wp-json\/wp\/v2\/pages"}],"about":[{"href":"https:\/\/www.chilimedia.ch\/de\/wp-json\/wp\/v2\/types\/page"}],"author":[{"embeddable":true,"href":"https:\/\/www.chilimedia.ch\/de\/wp-json\/wp\/v2\/users\/1"}],"replies":[{"embeddable":true,"href":"https:\/\/www.chilimedia.ch\/de\/wp-json\/wp\/v2\/comments?post=71"}],"version-history":[{"count":2,"href":"https:\/\/www.chilimedia.ch\/de\/wp-json\/wp\/v2\/pages\/71\/revisions"}],"predecessor-version":[{"id":166,"href":"https:\/\/www.chilimedia.ch\/de\/wp-json\/wp\/v2\/pages\/71\/revisions\/166"}],"up":[{"embeddable":true,"href":"https:\/\/www.chilimedia.ch\/de\/wp-json\/wp\/v2\/pages\/110"}],"wp:attachment":[{"href":"https:\/\/www.chilimedia.ch\/de\/wp-json\/wp\/v2\/media?parent=71"}],"curies":[{"name":"wp","href":"https:\/\/api.w.org\/{rel}","templated":true}]}}