{"id":93,"date":"2016-03-03T08:11:01","date_gmt":"2016-03-03T08:11:01","guid":{"rendered":"http:\/\/www.chilimedia.ch\/de\/?page_id=93"},"modified":"2016-10-10T14:19:22","modified_gmt":"2016-10-10T14:19:22","slug":"referenzen","status":"publish","type":"page","link":"https:\/\/www.chilimedia.ch\/de\/referenzen\/","title":{"rendered":"Referenzen"},"content":{"rendered":"\n\t\t<style>\n            <\/style>\n\n    \n<script>\n    var GKIT_NO_PRIV_AJAX_URL = '\/de\/wp-admin\/admin-ajax.php';\n    var CRP_DATASOURCE_1 = {};\n    var CRP_GALLERY_DATASOURCE_1 = new Array();\n<\/script>\n\n<script>var gkitPermalink = '\/de\/wp-json\/wp\/v2\/pages\/93';<\/script><div id=\"crp-content-1\" class=\"crp-content  crp-clearfix\"><div class=\"crp-wrapper crp-wrapper-album_gallery\"><div data-lazy-load=\"1\" id=\"gallery-1\" class=\"gallery-1\"><div class='ftg-filters crp-filter-style-1'><a class='selected' href='\/de\/wp-json\/wp\/v2\/pages\/93?filter' >All<\/a><a class='' href='\/de\/wp-json\/wp\/v2\/pages\/93?filter=bild&pid=1&pg=1' >Bild<\/a><a class='' href='\/de\/wp-json\/wp\/v2\/pages\/93?filter=drucksachen&pid=1&pg=1' >Drucksachen<\/a><a class='' href='\/de\/wp-json\/wp\/v2\/pages\/93?filter=grafik&pid=1&pg=1' >Grafik<\/a><a class='' href='\/de\/wp-json\/wp\/v2\/pages\/93?filter=inserate&pid=1&pg=1' >Inserate<\/a><a class='' href='\/de\/wp-json\/wp\/v2\/pages\/93?filter=konzept&pid=1&pg=1' >Konzept<\/a><a class='' href='\/de\/wp-json\/wp\/v2\/pages\/93?filter=medienarbeit&pid=1&pg=1' >Medienarbeit<\/a><a class='' href='\/de\/wp-json\/wp\/v2\/pages\/93?filter=text&pid=1&pg=1' >Text<\/a><a class='' href='\/de\/wp-json\/wp\/v2\/pages\/93?filter=web&pid=1&pg=1' >Web<\/a><a class='' href='\/de\/wp-json\/wp\/v2\/pages\/93?filter=werbung&pid=1&pg=1' >Werbung<\/a><\/div><div id=\"ftg-items\" class=\"ftg-items\"><div id=\"crp-tile-31\" class=\"crp-tile ftg-web \" data-url=\"https:\/\/www.chilimedia.ch\/de\/referenzen\/schwager\/\" data-id=\"31\" data-catalog-id=\"1\"><div id='31'  class='crp-tile-inner crp-tile-pic  button05 overlay00 share20 details27 image04  ' ><img class='crp-tile-img' data-src='https:\/\/www.chilimedia.ch\/de\/wp-content\/uploads\/2025\/09\/Schwager-600-300x300.jpg' alt='' title='Schwager-600' caption='' description='' data-width='300' data-height='300' \/><div class='overlayM'><\/div><div class='overlayT'><\/div><div class='overlayB'><\/div><div class='overlayL'><\/div><div class='overlayR'><\/div><div class='details '><h3>Schwager Theater<\/h3><p>F\u00fcr das Kleintheater in Olten durften wir einen neuen Webauftrit kreieren.<\/p><\/div><\/div><\/div><div id=\"crp-tile-30\" class=\"crp-tile ftg-grafik ftg-web \" data-url=\"https:\/\/www.chilimedia.ch\/de\/referenzen\/whb\/\" data-id=\"30\" data-catalog-id=\"1\"><div id='30'  class='crp-tile-inner crp-tile-pic  button05 overlay00 share20 details27 image04  ' ><img class='crp-tile-img' data-src='https:\/\/www.chilimedia.ch\/de\/wp-content\/uploads\/2025\/09\/WHB-Platzierung-600-300x300.jpg' alt='' title='WHB-Platzierung-600' caption='' description='' data-width='300' data-height='300' \/><div class='overlayM'><\/div><div class='overlayT'><\/div><div class='overlayB'><\/div><div class='overlayL'><\/div><div class='overlayR'><\/div><div class='details '><h3>WHB<\/h3><p>F\u00fcr WHB durften wir ein neues Logo und eine neue Website realisieren.<\/p><\/div><\/div><\/div><div id=\"crp-tile-29\" class=\"crp-tile ftg-web ftg-werbung ftg-grafik \" data-url=\"https:\/\/www.chilimedia.ch\/de\/referenzen\/gig\/\" data-id=\"29\" data-catalog-id=\"1\"><div id='29'  class='crp-tile-inner crp-tile-pic  button05 overlay00 share20 details27 image04  ' ><img class='crp-tile-img' data-src='https:\/\/www.chilimedia.ch\/de\/wp-content\/uploads\/2023\/01\/Gig-Home-300x300.jpg' alt='' title='GiG' caption='' description='' data-width='300' data-height='300' \/><div class='overlayM'><\/div><div class='overlayT'><\/div><div class='overlayB'><\/div><div class='overlayL'><\/div><div class='overlayR'><\/div><div class='details '><h3>Gruppe im Graben<\/h3><p>Wir unterst\u00fctzen die \u00abKonzerte im Graben\u00bb seit Beginn.<\/p><\/div><\/div><\/div><div id=\"crp-tile-28\" class=\"crp-tile ftg-web \" data-url=\"https:\/\/www.chilimedia.ch\/de\/referenzen\/thomas-droll\/\" data-id=\"28\" data-catalog-id=\"1\"><div id='28'  class='crp-tile-inner crp-tile-pic  button05 overlay00 share20 details27 image04  ' ><img class='crp-tile-img' data-src='https:\/\/www.chilimedia.ch\/de\/wp-content\/uploads\/2023\/01\/Droll-Home-300x300.jpg' alt='' title='Thomas Droll' caption='' description='' data-width='300' data-height='300' \/><div class='overlayM'><\/div><div class='overlayT'><\/div><div class='overlayB'><\/div><div class='overlayL'><\/div><div class='overlayR'><\/div><div class='details '><h3>Thomas Droll<\/h3><p>F\u00fcr den K\u00fcnstler haben wir die Website realisiert.<\/p><\/div><\/div><\/div><div id=\"crp-tile-27\" class=\"crp-tile ftg-web ftg-text \" data-url=\"\/de\/referenzen\/restaurant-waldheim-kestenholz\/\" data-id=\"27\" data-catalog-id=\"1\"><div id='27'  class='crp-tile-inner crp-tile-pic  button05 overlay00 share20 details27 image04  ' ><img class='crp-tile-img' data-src='https:\/\/www.chilimedia.ch\/de\/wp-content\/uploads\/2020\/03\/Waldheim-600-300x300.jpg' alt='' title='Waldheim' caption='' description='' data-width='300' data-height='300' \/><div class='overlayM'><\/div><div class='overlayT'><\/div><div class='overlayB'><\/div><div class='overlayL'><\/div><div class='overlayR'><\/div><div class='details '><h3>Restaurant Waldheim<\/h3><p>F\u00fcr das \u00abWaldheim\u00bb in Kestenholz durften wir einen neuen Webauftritt erstellen.<\/p><\/div><\/div><\/div><div id=\"crp-tile-26\" class=\"crp-tile ftg-bild ftg-grafik ftg-konzept ftg-drucksachen \" data-url=\"\/de\/referenzen\/qv\" data-id=\"26\" data-catalog-id=\"1\"><div id='26'  class='crp-tile-inner crp-tile-pic  button05 overlay00 share20 details27 image04  ' ><img class='crp-tile-img' data-src='https:\/\/www.chilimedia.ch\/de\/wp-content\/uploads\/2021\/11\/QV_IMG_9530-1-300x300.jpg' alt='' title='Qualifikatonsverfahren 2021' caption='' description='' data-width='300' data-height='300' \/><div class='overlayM'><\/div><div class='overlayT'><\/div><div class='overlayB'><\/div><div class='overlayL'><\/div><div class='overlayR'><\/div><div class='details '><h3>Qualifikations-verfahren<\/h3><p>Im Auftrag des Kantons Solothurn haben wir den Bericht zu den Lehrabschl\u00fcssen neu gestaltet.<\/p><\/div><\/div><\/div><div id=\"crp-tile-25\" class=\"crp-tile ftg-bild ftg-drucksachen ftg-inserate ftg-grafik \" data-url=\"\/de\/referenzen\/23sternschnuppen\/\" data-id=\"25\" data-catalog-id=\"1\"><div id='25'  class='crp-tile-inner crp-tile-pic  button05 overlay00 share20 details27 image04  ' ><img class='crp-tile-img' data-src='https:\/\/www.chilimedia.ch\/de\/wp-content\/uploads\/2021\/11\/Header-23SS-2021-300x300.jpg' alt='' title='Header-23SS-2021' caption='' description='' data-width='300' data-height='300' \/><div class='overlayM'><\/div><div class='overlayT'><\/div><div class='overlayB'><\/div><div class='overlayL'><\/div><div class='overlayR'><\/div><div class='details '><h3>23 Sternschnuppen<\/h3><p>F\u00fcr den Oltner Kultur-Adventskalender hat chilimedia die Drucksachen gestaltet.<\/p><\/div><\/div><\/div><div id=\"crp-tile-16\" class=\"crp-tile ftg-konzept ftg-text ftg-drucksachen ftg-web \" data-url=\"\/de\/referenzen\/top-100\/\" data-id=\"16\" data-catalog-id=\"1\"><div id='16'  class='crp-tile-inner crp-tile-pic  button05 overlay00 share20 details27 image04  ' ><img class='crp-tile-img' data-src='https:\/\/www.chilimedia.ch\/de\/wp-content\/uploads\/2021\/11\/Top_100_IMG_9537-300x300.jpg' alt='' title='Top 100' caption='' description='' data-width='300' data-height='300' \/><div class='overlayM'><\/div><div class='overlayT'><\/div><div class='overlayB'><\/div><div class='overlayL'><\/div><div class='overlayR'><\/div><div class='details '><h3>Wirtschaftsmagazin \u00abTop 100\u00bb<\/h3><p>Zum 19. Mal ist das Wirtschaftsmagazin \u00abTop 100\u00bb erschienen.<\/p><\/div><\/div><\/div><div id=\"crp-tile-24\" class=\"crp-tile ftg-drucksachen ftg-grafik \" data-url=\"\/de\/referenzen\/gewerbe-brittnau\/\" data-id=\"24\" data-catalog-id=\"1\"><div id='24'  class='crp-tile-inner crp-tile-pic  button05 overlay00 share20 details27 image04  ' ><img class='crp-tile-img' data-src='https:\/\/www.chilimedia.ch\/de\/wp-content\/uploads\/2018\/11\/gewerbebrittnau600-300x300.jpg' alt='' title='Gewerbe Brittnau' caption='' description='' data-width='300' data-height='300' \/><div class='overlayM'><\/div><div class='overlayT'><\/div><div class='overlayB'><\/div><div class='overlayL'><\/div><div class='overlayR'><\/div><div class='details '><h3>Gewerbe Brittnau<\/h3><p>chilimedia GmbH hat f\u00fcr Gewerbe Brittnau  einen neuen Imageflyer realisiert.<\/p><\/div><\/div><\/div><div id=\"crp-tile-23\" class=\"crp-tile ftg-web ftg-grafik \" data-url=\"\/de\/referenzen\/debocasa\/\" data-id=\"23\" data-catalog-id=\"1\"><div id='23'  class='crp-tile-inner crp-tile-pic  button05 overlay00 share20 details27 image04  ' ><img class='crp-tile-img' data-src='https:\/\/www.chilimedia.ch\/de\/wp-content\/uploads\/2018\/10\/debocasa-600-300x300.jpg' alt='' title='Debocasa' caption='' description='' data-width='300' data-height='300' \/><div class='overlayM'><\/div><div class='overlayT'><\/div><div class='overlayB'><\/div><div class='overlayL'><\/div><div class='overlayR'><\/div><div class='details '><h3>Debocasa GmbH<\/h3><p>Logo und Webauftritt bilden die visuelle und kommunikative Basis einer neuen Firma. Wir durften der ...<\/p><\/div><\/div><\/div><div id=\"crp-tile-22\" class=\"crp-tile ftg-drucksachen ftg-inserate ftg-text ftg-medienarbeit ftg-konzept \" data-url=\"https:\/\/www.chilimedia.ch\/de\/referenzen\/stadttheater\/\" data-id=\"22\" data-catalog-id=\"1\"><div id='22'  class='crp-tile-inner crp-tile-pic  button05 overlay00 share20 details27 image04  ' ><img class='crp-tile-img' data-src='https:\/\/www.chilimedia.ch\/de\/wp-content\/uploads\/2018\/09\/Stadttheater_Referenz-300x300.jpg' alt='' title='Stadttheater Referenz' caption='' description='' data-width='300' data-height='300' \/><div class='overlayM'><\/div><div class='overlayT'><\/div><div class='overlayB'><\/div><div class='overlayL'><\/div><div class='overlayR'><\/div><div class='details '><h3>Stadttheater Olten<\/h3><p>F\u00fcr das Stadttheater Olten kreieren wir Texte und mehr.<\/p><\/div><\/div><\/div><div id=\"crp-tile-21\" class=\"crp-tile ftg-drucksachen ftg-konzept ftg-grafik ftg-text ftg-web ftg-bild \" data-url=\"https:\/\/www.chilimedia.ch\/de\/referenzen\/paul-wolff-ag\/\" data-id=\"21\" data-catalog-id=\"1\"><div id='21'  class='crp-tile-inner crp-tile-pic  button05 overlay00 share20 details27 image04  ' ><img class='crp-tile-img' data-src='https:\/\/www.chilimedia.ch\/de\/wp-content\/uploads\/2018\/03\/PaulWolffAG.jpg' alt='' title='Paul Wolff AG' caption='' description='' data-width='300' data-height='300' \/><div class='overlayM'><\/div><div class='overlayT'><\/div><div class='overlayB'><\/div><div class='overlayL'><\/div><div class='overlayR'><\/div><div class='details '><h3>Paul Wolff AG<\/h3><p>Wir unterst\u00fctzen die PAUL WOLFF AG beim Marketing im Schweizer Markt.<\/p><\/div><\/div><\/div><div id=\"crp-tile-20\" class=\"crp-tile ftg-grafik ftg-konzept ftg-text ftg-web ftg-medienarbeit ftg-drucksachen ftg-inserate \" data-url=\"https:\/\/www.chilimedia.ch\/de\/referenzen\/linie-411\/\" data-id=\"20\" data-catalog-id=\"1\"><div id='20'  class='crp-tile-inner crp-tile-pic  button05 overlay00 share20 details27 image04  ' ><img class='crp-tile-img' data-src='https:\/\/www.chilimedia.ch\/de\/wp-content\/uploads\/2018\/01\/Linie411_300_7972.jpg' alt='' title='Linie 411' caption='' description='' data-width='300' data-height='300' \/><div class='overlayM'><\/div><div class='overlayT'><\/div><div class='overlayB'><\/div><div class='overlayL'><\/div><div class='overlayR'><\/div><div class='details '><h3>Linie 411<\/h3><p>Der Verein Weissensteintunnel LINIE 411 ist die Nachfolgeorganisation des \u00abKomitees Weissensteintunnel erhalten\u00bb.<\/p><\/div><\/div><\/div><div id=\"crp-tile-19\" class=\"crp-tile ftg-werbung ftg-grafik ftg-web ftg-bild \" data-url=\"https:\/\/www.chilimedia.ch\/de\/referenzen\/auto-schmidlin\/\" data-id=\"19\" data-catalog-id=\"1\"><div id='19'  class='crp-tile-inner crp-tile-pic  button05 overlay00 share20 details27 image04  ' ><img class='crp-tile-img' data-src='https:\/\/www.chilimedia.ch\/de\/wp-content\/uploads\/2018\/01\/NIC_1048-jaeger3.jpg' alt='' title='NIC_1048-jaeger3' caption='' description='' data-width='300' data-height='300' \/><div class='overlayM'><\/div><div class='overlayT'><\/div><div class='overlayB'><\/div><div class='overlayL'><\/div><div class='overlayR'><\/div><div class='details '><h3>Auto Schmidlin AG<\/h3><p>F\u00fcr die Auto Schmidlin AG kreierten wir unter anderem ein \u00abSsang Yong\u00bb-Plakat.<\/p><\/div><\/div><\/div><div id=\"crp-tile-18\" class=\"crp-tile ftg-web ftg-grafik \" data-url=\"http:\/\/www.chilimedia.ch\/de\/referenzen\/autef\/\" data-id=\"18\" data-catalog-id=\"1\"><div id='18'  class='crp-tile-inner crp-tile-pic  button05 overlay00 share20 details27 image04  ' ><img class='crp-tile-img' data-src='https:\/\/www.chilimedia.ch\/de\/wp-content\/uploads\/2017\/12\/Referenz.jpg' alt='' title='Autec' caption='' description='' data-width='300' data-height='300' \/><div class='overlayM'><\/div><div class='overlayT'><\/div><div class='overlayB'><\/div><div class='overlayL'><\/div><div class='overlayR'><\/div><div class='details '><h3>AUTEF GmbH<\/h3><p>F\u00fcr die AUTEF GmbH realsierten wir die neue Website.<\/p><\/div><\/div><\/div><div id=\"crp-tile-3\" class=\"crp-tile ftg-text ftg-bild ftg-grafik \" data-url=\"https:\/\/www.chilimedia.ch\/de\/referenzen\/personalamt-des-kantons-solothurn\/\" data-id=\"3\" data-catalog-id=\"1\"><div id='3'  class='crp-tile-inner crp-tile-pic  button05 overlay00 share20 details27 image04  ' ><img class='crp-tile-img' data-src='https:\/\/www.chilimedia.ch\/de\/wp-content\/uploads\/2016\/06\/SO-Info-2016-1-1-300x300.jpg' alt='' title='SO-Info-2016-1-1' caption='' description='' data-width='300' data-height='300' \/><div class='overlayM'><\/div><div class='overlayT'><\/div><div class='overlayB'><\/div><div class='overlayL'><\/div><div class='overlayR'><\/div><div class='details '><h3>Personalamt des Kantons Solothurn<\/h3><p>Viermal j\u00e4hrlich texten und gestalten wir die Personalzeitschrift.<\/p><\/div><\/div><\/div><div id=\"crp-tile-17\" class=\"crp-tile ftg-grafik ftg-werbung \" data-url=\"https:\/\/www.chilimedia.ch\/de\/referenzen\/kino-dias-open-air-2017\/\" data-id=\"17\" data-catalog-id=\"1\"><div id='17'  class='crp-tile-inner crp-tile-pic  button05 overlay00 share20 details27 image04  ' ><img class='crp-tile-img' data-src='https:\/\/www.chilimedia.ch\/de\/wp-content\/uploads\/2017\/07\/Kino-300x300.jpg' alt='' title='Kino Dia' caption='' description='' data-width='300' data-height='300' \/><div class='overlayM'><\/div><div class='overlayT'><\/div><div class='overlayB'><\/div><div class='overlayL'><\/div><div class='overlayR'><\/div><div class='details '><h3>Kino-Dias 2017<\/h3><p>F\u00fcr das Open You Cinema hat chilimedia f\u00fcnf Werbebilder kreiert.<\/p><\/div><\/div><\/div><div id=\"crp-tile-14\" class=\"crp-tile ftg-drucksachen ftg-inserate \" data-url=\"https:\/\/www.chilimedia.ch\/de\/referenzen\/eintracht\/\" data-id=\"14\" data-catalog-id=\"1\"><div id='14'  class='crp-tile-inner crp-tile-pic  button05 overlay00 share20 details27 image04  ' ><img class='crp-tile-img' data-src='https:\/\/www.chilimedia.ch\/de\/wp-content\/uploads\/2016\/09\/Eintracht_6047ref-300x300.jpg' alt='' title='Eintracht_6047ref' caption='' description='' data-width='300' data-height='300' \/><div class='overlayM'><\/div><div class='overlayT'><\/div><div class='overlayB'><\/div><div class='overlayL'><\/div><div class='overlayR'><\/div><div class='details '><h3>Eintracht Kestenholz <\/h3><p>Eine neue Brosch\u00fcre pr\u00e4sentiert die Qualit\u00e4ten des Traditionsbetreibes.<\/p><\/div><\/div><\/div><div id=\"crp-tile-6\" class=\"crp-tile ftg-text ftg-grafik ftg-konzept \" data-url=\"https:\/\/www.chilimedia.ch\/de\/referenzen\/anzeiger\/\" data-id=\"6\" data-catalog-id=\"1\"><div id='6'  class='crp-tile-inner crp-tile-pic  button05 overlay00 share20 details27 image04  ' ><img class='crp-tile-img' data-src='https:\/\/www.chilimedia.ch\/de\/wp-content\/uploads\/2017\/12\/IMG_7766_ref.jpg' alt='' title='Anzeiger Thal G\u00e4u Olten' caption='' description='' data-width='300' data-height='300' \/><div class='overlayM'><\/div><div class='overlayT'><\/div><div class='overlayB'><\/div><div class='overlayL'><\/div><div class='overlayR'><\/div><div class='details '><h3>Anzeiger Thal G\u00e4u Olten<\/h3><p>Jede Woche sorgen wir f\u00fcr interessanten und abwechslungsreichen Lesestoff.<\/p><\/div><\/div><\/div><div id=\"crp-tile-13\" class=\"crp-tile ftg-drucksachen \" data-url=\"https:\/\/www.chilimedia.ch\/de\/referenzen\/elektro-fuerst\/\" data-id=\"13\" data-catalog-id=\"1\"><div id='13'  class='crp-tile-inner crp-tile-pic  button05 overlay00 share20 details27 image04  ' ><img class='crp-tile-img' data-src='https:\/\/www.chilimedia.ch\/de\/wp-content\/uploads\/2016\/07\/FuerstCover_3902-300x300.jpg' alt='' title='FuerstCover_3902' caption='' description='' data-width='300' data-height='300' \/><div class='overlayM'><\/div><div class='overlayT'><\/div><div class='overlayB'><\/div><div class='overlayL'><\/div><div class='overlayR'><\/div><div class='details '><h3>Elektro-F\u00fcrst Holding AG<\/h3><p>Zum 60-Jahr-Jubil\u00e4um erschien eine Festschrift als Buch.<\/p><\/div><\/div><\/div><div id=\"crp-tile-11\" class=\"crp-tile ftg-web \" data-url=\"https:\/\/www.chilimedia.ch\/de\/referenzen\/violino\/\" data-id=\"11\" data-catalog-id=\"1\"><div id='11'  class='crp-tile-inner crp-tile-pic  button05 overlay00 share20 details27 image04  ' ><img class='crp-tile-img' data-src='https:\/\/www.chilimedia.ch\/de\/wp-content\/uploads\/2016\/06\/Violino-Screen2-300x300.jpg' alt='' title='Violino-Screen2' caption='' description='' data-width='300' data-height='300' \/><div class='overlayM'><\/div><div class='overlayT'><\/div><div class='overlayB'><\/div><div class='overlayL'><\/div><div class='overlayR'><\/div><div class='details '><h3>Violino<\/h3><p>Die erneuerte Website zeigt alle Bereiche des Wohn- und Begegnungsortes.<\/p><\/div><\/div><\/div><div id=\"crp-tile-10\" class=\"crp-tile ftg-text ftg-grafik \" data-url=\"https:\/\/www.chilimedia.ch\/de\/referenzen\/swiss-orienteering\/\" data-id=\"10\" data-catalog-id=\"1\"><div id='10'  class='crp-tile-inner crp-tile-pic  button05 overlay00 share20 details27 image04  ' ><img class='crp-tile-img' data-src='https:\/\/www.chilimedia.ch\/de\/wp-content\/uploads\/2016\/06\/Magazine-P6091063-300x300.jpg' alt='' title='Magazine-P6091063' caption='' description='' data-width='300' data-height='300' \/><div class='overlayM'><\/div><div class='overlayT'><\/div><div class='overlayB'><\/div><div class='overlayL'><\/div><div class='overlayR'><\/div><div class='details '><h3>Swiss Orienteering<\/h3><p>Jeden Monat erscheint die begehrte Zeitschrift der Orientierungsl\u00e4ufer.<\/p><\/div><\/div><\/div><div id=\"crp-tile-1\" class=\"crp-tile ftg-konzept ftg-grafik ftg-drucksachen ftg-werbung ftg-inserate \" data-url=\"https:\/\/www.chilimedia.ch\/de\/referenzen\/restaurant-aarhof\/\" data-id=\"1\" data-catalog-id=\"1\"><div id='1'  class='crp-tile-inner crp-tile-pic  button05 overlay00 share20 details27 image04  ' ><img class='crp-tile-img' data-src='https:\/\/www.chilimedia.ch\/de\/wp-content\/uploads\/2016\/06\/Aarhof-portfolio-NIC_9534-1-300x300.jpg' alt='' title='Aarhof-portfolio-NIC_9534' caption='' description='' data-width='300' data-height='300' \/><div class='overlayM'><\/div><div class='overlayT'><\/div><div class='overlayB'><\/div><div class='overlayL'><\/div><div class='overlayR'><\/div><div class='details '><h3>Restaurant Aarhof<\/h3><p>Ein Lunch bei unserem Nachbarn best\u00e4tigt immer wieder unsere Werbeslogans.<\/p><\/div><\/div><\/div><div id=\"crp-tile-7\" class=\"crp-tile ftg-konzept ftg-medienarbeit ftg-drucksachen \" data-url=\"https:\/\/www.chilimedia.ch\/de\/referenzen\/aareforum\/\" data-id=\"7\" data-catalog-id=\"1\"><div id='7'  class='crp-tile-inner crp-tile-pic  button05 overlay00 share20 details27 image04  ' ><img class='crp-tile-img' data-src='https:\/\/www.chilimedia.ch\/de\/wp-content\/uploads\/2016\/06\/bischofberger_publikum-300x300.jpg' alt='' title='bischofberger_publikum' caption='' description='' data-width='300' data-height='300' \/><div class='overlayM'><\/div><div class='overlayT'><\/div><div class='overlayB'><\/div><div class='overlayL'><\/div><div class='overlayR'><\/div><div class='details '><h3>Aare Forum<\/h3><p>Wir unterst\u00fctzten die Solodaris Stiftung bei der Organisation dieser Veranstaltung.<\/p><\/div><\/div><\/div><div id=\"crp-tile-5\" class=\"crp-tile ftg-text ftg-konzept ftg-bild ftg-drucksachen \" data-url=\"https:\/\/www.chilimedia.ch\/de\/referenzen\/freie-berufe\/\" data-id=\"5\" data-catalog-id=\"1\"><div id='5'  class='crp-tile-inner crp-tile-pic  button05 overlay00 share20 details27 image04  ' ><img class='crp-tile-img' data-src='https:\/\/www.chilimedia.ch\/de\/wp-content\/uploads\/2016\/06\/freie-berufe-P3030994-300x300.jpg' alt='' title='freie-berufe-P3030994' caption='' description='' data-width='300' data-height='300' \/><div class='overlayM'><\/div><div class='overlayT'><\/div><div class='overlayB'><\/div><div class='overlayL'><\/div><div class='overlayR'><\/div><div class='details '><h3>Freie Berufe<\/h3><p>Das Buch ist sowohl f\u00fcr den Verband wie auch f\u00fcr uns ein Vorzeigeprojekt.<\/p><\/div><\/div><\/div><div id=\"crp-tile-9\" class=\"crp-tile ftg-web ftg-drucksachen ftg-medienarbeit ftg-konzept ftg-werbung \" data-url=\"https:\/\/www.chilimedia.ch\/de\/referenzen\/weissenstein\/\" data-id=\"9\" data-catalog-id=\"1\"><div id='9'  class='crp-tile-inner crp-tile-pic  button05 overlay00 share20 details27 image04  ' ><img class='crp-tile-img' data-src='https:\/\/www.chilimedia.ch\/de\/wp-content\/uploads\/2016\/06\/weissenstein-web-300x300.jpg' alt='' title='Weissenstein-Tunnel' caption='' description='' data-width='300' data-height='300' \/><div class='overlayM'><\/div><div class='overlayT'><\/div><div class='overlayB'><\/div><div class='overlayL'><\/div><div class='overlayR'><\/div><div class='details '><h3>Komitee \u00abWeissensteintunnel erhalten\u00bb<\/h3><p>Wir sorgen f\u00fcr die mediale Pr\u00e4senz des Anliegens \u00abWeissensteintunnel erhalten\u00bb.<\/p><\/div><\/div><\/div><div id=\"crp-tile-4\" class=\"crp-tile ftg-web ftg-text ftg-bild ftg-drucksachen ftg-grafik ftg-konzept ftg-medienarbeit ftg-werbung ftg-inserate \" data-url=\"https:\/\/www.chilimedia.ch\/de\/referenzen\/optikart\/\" data-id=\"4\" data-catalog-id=\"1\"><div id='4'  class='crp-tile-inner crp-tile-pic  button05 overlay00 share20 details27 image04  ' ><img class='crp-tile-img' data-src='https:\/\/www.chilimedia.ch\/de\/wp-content\/uploads\/2016\/06\/Home-164-300x300.jpg' alt='' title='Home-164' caption='' description='' data-width='300' data-height='300' \/><div class='overlayM'><\/div><div class='overlayT'><\/div><div class='overlayB'><\/div><div class='overlayL'><\/div><div class='overlayR'><\/div><div class='details '><h3>Optikart AG<\/h3><p>Seit Beginn betreuen wir die Werbemassnahmen.<\/p><\/div><\/div><\/div><div id=\"crp-tile-15\" class=\"crp-tile ftg-drucksachen ftg-medienarbeit ftg-web \" data-url=\"https:\/\/www.chilimedia.ch\/de\/referenzen\/aktionstage\/\" data-id=\"15\" data-catalog-id=\"1\"><div id='15'  class='crp-tile-inner crp-tile-pic  button05 overlay00 share20 details27 image04  ' ><img class='crp-tile-img' data-src='https:\/\/www.chilimedia.ch\/de\/wp-content\/uploads\/2018\/01\/Aktionstage_2017_7988-300x300.jpg' alt='' title='Aktionstage 2017' caption='' description='' data-width='300' data-height='300' \/><div class='overlayM'><\/div><div class='overlayT'><\/div><div class='overlayB'><\/div><div class='overlayL'><\/div><div class='overlayR'><\/div><div class='details '><h3>Aktionstage Psychische Gesundheit im Kanton Solothurn<\/h3><p>Wir unterst\u00fctzten die Aktionstage w\u00e4hrend 10 Jahren.<\/p><\/div><\/div><\/div><\/div><\/div><\/div><\/div>\n<script>\n    gkitWinReady(function(){\n        gkitConfigureGrid(\n            1,\n            {layoutType: 3,approxTileWidth: 250,approxTileHeight: 250,addBlock1Height: false,addBlock2Height: false,freeAddBlocks: false,margin: 4,minTileWidth: 200,gridCellSize: 10,lazy: true,dontCropImage: false,columnCalcAlgo: 'Dynamic',},\n            {\n                kEnableGridLazyLoad : 1,\n                kDirectLinking : 1,\n                kLoadUrlBlank : 0,\n                kDisableAlbumStylePresentation : 0,\n                kViewerBackdropClass: 'crp-2-popup-backdrop',\n                albumViewerTypeIsGrid: 0            },\n            {hash: false,autoplayFirstVideo: true,videojs: true,controls: true,actualSize: false,mode: 'lg-fade',addClass: 'fixed-size fixed-size-1 crp-popup-simple-theme-dark',counter: false,subHtmlSelectorRelative: true,zoom: false,download: false,fullScreen: false,autoplayControls: false,hideBarsDelay: 300000,pager: false,startClass: '',thumbnail: false,speed: 500,share: false,showTextToggle: false,},\n            CRP_GALLERY_DATASOURCE_1,\n            CRP_DATASOURCE_1        );\n    });\n<\/script>\n\n","protected":false},"excerpt":{"rendered":"<p>&hellip;<\/p>\n","protected":false},"author":1,"featured_media":0,"parent":0,"menu_order":50,"comment_status":"closed","ping_status":"closed","template":"","meta":[],"_links":{"self":[{"href":"https:\/\/www.chilimedia.ch\/de\/wp-json\/wp\/v2\/pages\/93"}],"collection":[{"href":"https:\/\/www.chilimedia.ch\/de\/wp-json\/wp\/v2\/pages"}],"about":[{"href":"https:\/\/www.chilimedia.ch\/de\/wp-json\/wp\/v2\/types\/page"}],"author":[{"embeddable":true,"href":"https:\/\/www.chilimedia.ch\/de\/wp-json\/wp\/v2\/users\/1"}],"replies":[{"embeddable":true,"href":"https:\/\/www.chilimedia.ch\/de\/wp-json\/wp\/v2\/comments?post=93"}],"version-history":[{"count":12,"href":"https:\/\/www.chilimedia.ch\/de\/wp-json\/wp\/v2\/pages\/93\/revisions"}],"predecessor-version":[{"id":397,"href":"https:\/\/www.chilimedia.ch\/de\/wp-json\/wp\/v2\/pages\/93\/revisions\/397"}],"wp:attachment":[{"href":"https:\/\/www.chilimedia.ch\/de\/wp-json\/wp\/v2\/media?parent=93"}],"curies":[{"name":"wp","href":"https:\/\/api.w.org\/{rel}","templated":true}]}}